{"id":1061,"date":"2017-11-23T15:08:22","date_gmt":"2017-11-23T15:08:22","guid":{"rendered":"https:\/\/www.fotomundocolor.com\/web1\/?page_id=1061"},"modified":"2017-12-05T13:29:18","modified_gmt":"2017-12-05T13:29:18","slug":"imprenta-digital","status":"publish","type":"page","link":"https:\/\/www.fotomundocolor.com\/web1\/imprenta-digital\/","title":{"rendered":"Imprenta digital"},"content":{"rendered":"<p>[et_pb_section bb_built=\u00bb1&#8243; admin_label=\u00bbsection\u00bb background_image=\u00bbhttps:\/\/www.fotomundocolor.com\/web1\/wp-content\/uploads\/2017\/11\/banner-imprenta.jpg\u00bb parallax_method=\u00bboff\u00bb fullwidth=\u00bboff\u00bb specialty=\u00bboff\u00bb disabled=\u00bboff\u00bb _builder_version=\u00bb3.0.89&#8243; custom_padding_tablet=\u00bb50px|0|50px|0&#8243; custom_padding_last_edited=\u00bbon|desktop\u00bb][et_pb_row admin_label=\u00bbrow\u00bb make_fullwidth=\u00bboff\u00bb use_custom_width=\u00bboff\u00bb width_unit=\u00bboff\u00bb use_custom_gutter=\u00bboff\u00bb custom_padding=\u00bb65px|0px|65px|0px\u00bb allow_player_pause=\u00bboff\u00bb parallax=\u00bboff\u00bb parallax_method=\u00bbon\u00bb make_equal=\u00bboff\u00bb column_padding_mobile=\u00bbon\u00bb parallax_1=\u00bboff\u00bb parallax_method_1=\u00bbon\u00bb parallax_2=\u00bboff\u00bb parallax_method_2=\u00bbon\u00bb parallax_3=\u00bboff\u00bb parallax_method_3=\u00bbon\u00bb parallax_4=\u00bboff\u00bb parallax_method_4=\u00bbon\u00bb disabled=\u00bboff\u00bb background_position=\u00bbtop_left\u00bb background_repeat=\u00bbrepeat\u00bb background_size=\u00bbinitial\u00bb _builder_version=\u00bb3.0.89&#8243;][et_pb_column type=\u00bb4_4&#8243;][et_pb_text admin_label=\u00bbTexto titulo Imprenta Digital\u00bb background_layout=\u00bbdark\u00bb text_orientation=\u00bbcenter\u00bb header_font=\u00bb|on||on|\u00bb header_font_size=\u00bb40&#8243; border_style=\u00bbsolid\u00bb disabled=\u00bboff\u00bb border_width=\u00bb1&#8243; background_position=\u00bbtop_left\u00bb background_repeat=\u00bbrepeat\u00bb background_size=\u00bbinitial\u00bb _builder_version=\u00bb3.0.89&#8243; module_alignment=\u00bbcenter\u00bb animation_style=\u00bbfade\u00bb border_style_all=\u00bbnone\u00bb border_radii=\u00bb|0px|0px|0px|0px\u00bb border_width_all=\u00bb1&#8243;]<\/p>\n<h1>Imprenta Digital<\/h1>\n<p>[\/et_pb_text][et_pb_divider color=\u00bb#0c71c3&#8243; show_divider=\u00bbon\u00bb divider_weight=\u00bb5px\u00bb hide_on_mobile=\u00bboff\u00bb custom_css_main_element=\u00bbwidth:150px;||margin: 0 auto;\u00bb disabled=\u00bboff\u00bb _builder_version=\u00bb3.0.89&#8243; height=\u00bb22px\u00bb disabled_on=\u00bboff\u00bb \/][\/et_pb_column][\/et_pb_row][\/et_pb_section][et_pb_section bb_built=\u00bb1&#8243; custom_padding=\u00bb54px|0px|39px|0px\u00bb][et_pb_row background_position=\u00bbtop_left\u00bb background_repeat=\u00bbrepeat\u00bb background_size=\u00bbinitial\u00bb _builder_version=\u00bb3.0.63&#8243;][et_pb_column type=\u00bb4_4&#8243;][et_pb_text text_orientation=\u00bbcenter\u00bb text_font=\u00bbMontserrat||||\u00bb text_font_size=\u00bb20px\u00bb text_text_color=\u00bb#000000&#8243; custom_margin=\u00bb40px||40px|\u00bb background_position=\u00bbtop_left\u00bb background_repeat=\u00bbrepeat\u00bb background_size=\u00bbinitial\u00bb _builder_version=\u00bb3.0.89&#8243; background_layout=\u00bblight\u00bb border_style=\u00bbsolid\u00bb text_line_height=\u00bb1.6em\u00bb module_alignment=\u00bbcenter\u00bb border_style_all=\u00bbsolid\u00bb]<\/p>\n<p>Servicios de imprenta digital personalizable, r\u00e1pida y con una calidad excelente, ideal para papeleria publicitaria en tiradas cortas y r\u00e1pidas.<\/p>\n<p>[\/et_pb_text][\/et_pb_column][\/et_pb_row][\/et_pb_section][et_pb_section bb_built=\u00bb1&#8243; admin_label=\u00bbsection\u00bb background_image=\u00bbhttps:\/\/www.fotomundocolor.com\/web1\/wp-content\/uploads\/2017\/11\/tarjeta-fondo-1.jpg\u00bb background_color=\u00bb#233c54&#8243; parallax=\u00bbon\u00bb custom_padding=\u00bb30px|0px|30px|0px\u00bb _builder_version=\u00bb3.0.89&#8243;][et_pb_row admin_label=\u00bbrow\u00bb custom_padding=\u00bb0px|0px|27px|0px\u00bb background_position=\u00bbtop_left\u00bb background_repeat=\u00bbrepeat\u00bb background_size=\u00bbinitial\u00bb _builder_version=\u00bb3.0.89&#8243;][et_pb_column type=\u00bb4_4&#8243;][et_pb_text admin_label=\u00bbTexto titulo tarjeta visita\u00bb text_orientation=\u00bbcenter\u00bb text_font_size=\u00bb24&#8243; custom_margin=\u00bb40px|||\u00bb custom_margin_last_edited=\u00bbon|desktop\u00bb background_position=\u00bbtop_left\u00bb background_repeat=\u00bbrepeat\u00bb background_size=\u00bbinitial\u00bb _builder_version=\u00bb3.0.89&#8243; background_layout=\u00bblight\u00bb text_line_height=\u00bb1.6em\u00bb border_style=\u00bbsolid\u00bb module_alignment=\u00bbcenter\u00bb text_font=\u00bb|700|||||||\u00bb]<\/p>\n<p>Tarjetas de visita<\/p>\n<p>[\/et_pb_text][\/et_pb_column][\/et_pb_row][et_pb_row _builder_version=\u00bb3.0.89&#8243;][et_pb_column type=\u00bb1_2&#8243;][et_pb_image _builder_version=\u00bb3.0.89&#8243; src=\u00bbhttps:\/\/www.fotomundocolor.com\/web1\/wp-content\/uploads\/2017\/12\/tarjetas2.png\u00bb show_in_lightbox=\u00bboff\u00bb url_new_window=\u00bboff\u00bb use_overlay=\u00bboff\u00bb always_center_on_mobile=\u00bbon\u00bb force_fullwidth=\u00bboff\u00bb show_bottom_space=\u00bbon\u00bb \/][\/et_pb_column][et_pb_column type=\u00bb1_2&#8243;][et_pb_text _builder_version=\u00bb3.0.89&#8243; background_layout=\u00bblight\u00bb text_font_size=\u00bb18px\u00bb text_orientation=\u00bbjustified\u00bb module_alignment=\u00bbjustified\u00bb]<\/p>\n<p><strong>Tarjetas de visita profesionales<\/strong><\/p>\n<p>La tarjeta de visita es un elemento muy importante en la promoci\u00f3n de cualquier negocio y una herramienta \u00fatil para mostrar una buena im\u00e1gen de la empresa.<br \/>\nPodr\u00e1 imprimir tarjetas de 8,5&#215;5,5 cm en papel satinado de 300g\/m2 con impresi\u00f3n de alta calidad a una o dos caras y en B\/N o a todo color y desde un m\u00ednimo de 100 unidades.<\/p>\n<p>[\/et_pb_text][\/et_pb_column][\/et_pb_row][\/et_pb_section][et_pb_section bb_built=\u00bb1&#8243; admin_label=\u00bbsection\u00bb _builder_version=\u00bb3.0.89&#8243; background_image=\u00bbhttps:\/\/www.fotomundocolor.com\/web1\/wp-content\/uploads\/2017\/12\/fondo-flyers.jpg\u00bb][et_pb_row admin_label=\u00bbrow\u00bb background_position=\u00bbtop_left\u00bb background_repeat=\u00bbrepeat\u00bb background_size=\u00bbinitial\u00bb _builder_version=\u00bb3.0.89&#8243;][et_pb_column type=\u00bb4_4&#8243;][et_pb_text admin_label=\u00bbTexto titulo flyers\u00bb text_orientation=\u00bbcenter\u00bb text_font=\u00bbMontserrat|on|||\u00bb text_font_size=\u00bb24px\u00bb text_text_color=\u00bb#3d3d3d\u00bb background_position=\u00bbtop_left\u00bb background_repeat=\u00bbrepeat\u00bb background_size=\u00bbinitial\u00bb _builder_version=\u00bb3.0.89&#8243; background_layout=\u00bblight\u00bb border_style=\u00bbsolid\u00bb module_alignment=\u00bbcenter\u00bb]<\/p>\n<p>Flyers, posibilidades sin l\u00edmites<\/p>\n<p>[\/et_pb_text][\/et_pb_column][\/et_pb_row][et_pb_row _builder_version=\u00bb3.0.89&#8243;][et_pb_column type=\u00bb1_2&#8243;][et_pb_text _builder_version=\u00bb3.0.89&#8243; background_layout=\u00bblight\u00bb text_font_size=\u00bb18px\u00bb text_orientation=\u00bbjustified\u00bb module_alignment=\u00bbjustified\u00bb]<\/p>\n<p>Los flyers se pueden utilizar para distintos tipos de campa\u00f1as, como descuentos, promoci\u00f3n de nuevos productos, apertura de nuevas sucursales, fiestas o eventos etc. Debido a la facilidad y rapidez de impresi\u00f3n, los flyers son la opci\u00f3n m\u00e1s adecuada, r\u00e1pida y econ\u00f3mica para hacer promocion de distintos tipos de campa\u00f1as y llegar a un gran n\u00famero de personas. Podr\u00e1 imprimir flyers en tama\u00f1o A5 en papel satinado de 130g\/m2 con impresi\u00f3n de alta calidad a una o dos caras y en B\/N o a todo color y desde un m\u00ednimo de 100 unidades.<\/p>\n<p>[\/et_pb_text][\/et_pb_column][et_pb_column type=\u00bb1_2&#8243;][et_pb_image _builder_version=\u00bb3.0.89&#8243; src=\u00bbhttps:\/\/www.fotomundocolor.com\/web1\/wp-content\/uploads\/2017\/12\/A4-A5-Flyer-Mockup-03.png\u00bb show_in_lightbox=\u00bboff\u00bb url_new_window=\u00bboff\u00bb use_overlay=\u00bboff\u00bb always_center_on_mobile=\u00bbon\u00bb force_fullwidth=\u00bboff\u00bb show_bottom_space=\u00bbon\u00bb \/][\/et_pb_column][\/et_pb_row][\/et_pb_section][et_pb_section bb_built=\u00bb1&#8243; admin_label=\u00bbsection\u00bb background_image=\u00bbhttps:\/\/www.fotomundocolor.com\/web1\/wp-content\/uploads\/2017\/12\/fondo-revista-1.jpg\u00bb background_color=\u00bb#233c54&#8243; parallax=\u00bbon\u00bb custom_padding=\u00bb30px|0px|30px|0px\u00bb _builder_version=\u00bb3.0.89&#8243;][et_pb_row admin_label=\u00bbrow\u00bb custom_padding=\u00bb0px|0px|27px|0px\u00bb background_position=\u00bbtop_left\u00bb background_repeat=\u00bbrepeat\u00bb background_size=\u00bbinitial\u00bb _builder_version=\u00bb3.0.89&#8243;][et_pb_column type=\u00bb4_4&#8243;][et_pb_text admin_label=\u00bbTexto titulo revistas y catalogos\u00bb text_orientation=\u00bbcenter\u00bb text_font_size=\u00bb24&#8243; custom_margin=\u00bb40px|||\u00bb custom_margin_last_edited=\u00bbon|desktop\u00bb background_position=\u00bbtop_left\u00bb background_repeat=\u00bbrepeat\u00bb background_size=\u00bbinitial\u00bb _builder_version=\u00bb3.0.89&#8243; background_layout=\u00bblight\u00bb text_line_height=\u00bb1.6em\u00bb border_style=\u00bbsolid\u00bb module_alignment=\u00bbcenter\u00bb text_font=\u00bb|700|||||||\u00bb]<\/p>\n<p>Revistas y cat\u00e1logos<\/p>\n<p>[\/et_pb_text][\/et_pb_column][\/et_pb_row][et_pb_row _builder_version=\u00bb3.0.89&#8243;][et_pb_column type=\u00bb1_2&#8243;][et_pb_image _builder_version=\u00bb3.0.89&#8243; src=\u00bbhttps:\/\/www.fotomundocolor.com\/web1\/wp-content\/uploads\/2017\/12\/revista.png\u00bb show_in_lightbox=\u00bboff\u00bb url_new_window=\u00bboff\u00bb use_overlay=\u00bboff\u00bb always_center_on_mobile=\u00bbon\u00bb force_fullwidth=\u00bboff\u00bb show_bottom_space=\u00bbon\u00bb \/][\/et_pb_column][et_pb_column type=\u00bb1_2&#8243;][et_pb_text _builder_version=\u00bb3.0.89&#8243; background_layout=\u00bblight\u00bb text_font_size=\u00bb18px\u00bb text_orientation=\u00bbjustified\u00bb module_alignment=\u00bbjustified\u00bb]<\/p>\n<p><strong>Revistas, cuando la informaci\u00f3n cobra importancia<\/strong><\/p>\n<p>Imprimir una revista tiene una gran variedad de usos, se pueden crear cat\u00e1logos de productos o servicios, hacer publicaciones peri\u00f3dicas para informar a usuarios, crear una historia gr\u00e1fica o incluso cuando un flyer se nos queda corto usar la revista como folleto m\u00e1s extenso. La revista tiene un tama\u00f1o A4 y se imprime en calidad fotogr\u00e1fica a dos caras en papel satinado de 130g\/m2 en formatos de 8 y 16 p\u00e1ginas<\/p>\n<p>[\/et_pb_text][\/et_pb_column][\/et_pb_row][\/et_pb_section]<\/p>\n","protected":false},"excerpt":{"rendered":"<p>[et_pb_section bb_built=\u00bb1&#8243; admin_label=\u00bbsection\u00bb background_image=\u00bbhttps:\/\/www.fotomundocolor.com\/web1\/wp-content\/uploads\/2017\/11\/banner-imprenta.jpg\u00bb parallax_method=\u00bboff\u00bb fullwidth=\u00bboff\u00bb specialty=\u00bboff\u00bb disabled=\u00bboff\u00bb _builder_version=\u00bb3.0.89&#8243; custom_padding_tablet=\u00bb50px|0|50px|0&#8243; custom_padding_last_edited=\u00bbon|desktop\u00bb][et_pb_row admin_label=\u00bbrow\u00bb make_fullwidth=\u00bboff\u00bb use_custom_width=\u00bboff\u00bb width_unit=\u00bboff\u00bb use_custom_gutter=\u00bboff\u00bb custom_padding=\u00bb65px|0px|65px|0px\u00bb allow_player_pause=\u00bboff\u00bb parallax=\u00bboff\u00bb parallax_method=\u00bbon\u00bb make_equal=\u00bboff\u00bb column_padding_mobile=\u00bbon\u00bb parallax_1=\u00bboff\u00bb parallax_method_1=\u00bbon\u00bb parallax_2=\u00bboff\u00bb parallax_method_2=\u00bbon\u00bb parallax_3=\u00bboff\u00bb parallax_method_3=\u00bbon\u00bb parallax_4=\u00bboff\u00bb parallax_method_4=\u00bbon\u00bb disabled=\u00bboff\u00bb background_position=\u00bbtop_left\u00bb background_repeat=\u00bbrepeat\u00bb background_size=\u00bbinitial\u00bb _builder_version=\u00bb3.0.89&#8243;][et_pb_column type=\u00bb4_4&#8243;][et_pb_text admin_label=\u00bbTexto titulo Imprenta Digital\u00bb background_layout=\u00bbdark\u00bb text_orientation=\u00bbcenter\u00bb header_font=\u00bb|on||on|\u00bb header_font_size=\u00bb40&#8243; border_style=\u00bbsolid\u00bb disabled=\u00bboff\u00bb border_width=\u00bb1&#8243; background_position=\u00bbtop_left\u00bb background_repeat=\u00bbrepeat\u00bb background_size=\u00bbinitial\u00bb _builder_version=\u00bb3.0.89&#8243; module_alignment=\u00bbcenter\u00bb animation_style=\u00bbfade\u00bb border_style_all=\u00bbnone\u00bb border_radii=\u00bb|0px|0px|0px|0px\u00bb [&hellip;]<\/p>\n","protected":false},"author":1,"featured_media":0,"parent":0,"menu_order":0,"comment_status":"closed","ping_status":"closed","template":"","meta":{"_et_pb_use_builder":"on","_et_pb_old_content":"","_et_gb_content_width":""},"_links":{"self":[{"href":"https:\/\/www.fotomundocolor.com\/web1\/wp-json\/wp\/v2\/pages\/1061"}],"collection":[{"href":"https:\/\/www.fotomundocolor.com\/web1\/wp-json\/wp\/v2\/pages"}],"about":[{"href":"https:\/\/www.fotomundocolor.com\/web1\/wp-json\/wp\/v2\/types\/page"}],"author":[{"embeddable":true,"href":"https:\/\/www.fotomundocolor.com\/web1\/wp-json\/wp\/v2\/users\/1"}],"replies":[{"embeddable":true,"href":"https:\/\/www.fotomundocolor.com\/web1\/wp-json\/wp\/v2\/comments?post=1061"}],"version-history":[{"count":5,"href":"https:\/\/www.fotomundocolor.com\/web1\/wp-json\/wp\/v2\/pages\/1061\/revisions"}],"predecessor-version":[{"id":1143,"href":"https:\/\/www.fotomundocolor.com\/web1\/wp-json\/wp\/v2\/pages\/1061\/revisions\/1143"}],"wp:attachment":[{"href":"https:\/\/www.fotomundocolor.com\/web1\/wp-json\/wp\/v2\/media?parent=1061"}],"curies":[{"name":"wp","href":"https:\/\/api.w.org\/{rel}","templated":true}]}}