{"id":421,"date":"2017-03-02T13:01:31","date_gmt":"2017-03-02T13:01:31","guid":{"rendered":"https:\/\/www.fotomundocolor.com\/web1\/?page_id=421"},"modified":"2017-09-21T14:30:05","modified_gmt":"2017-09-21T14:30:05","slug":"albumes-digitales","status":"publish","type":"page","link":"https:\/\/www.fotomundocolor.com\/web1\/albumes-digitales\/","title":{"rendered":"Albumes digitales"},"content":{"rendered":"<p>[et_pb_section bb_built=\u00bb1&#8243; admin_label=\u00bbsection\u00bb background_image=\u00bbhttps:\/\/www.fotomundocolor.com\/web1\/wp-content\/uploads\/2017\/03\/cabecera-album2_1300-1.jpg\u00bb transparent_background=\u00bboff\u00bb allow_player_pause=\u00bboff\u00bb inner_shadow=\u00bboff\u00bb parallax=\u00bboff\u00bb parallax_method=\u00bboff\u00bb padding_mobile=\u00bboff\u00bb make_fullwidth=\u00bboff\u00bb use_custom_width=\u00bboff\u00bb width_unit=\u00bbon\u00bb make_equal=\u00bboff\u00bb use_custom_gutter=\u00bboff\u00bb fullwidth=\u00bboff\u00bb specialty=\u00bboff\u00bb disabled=\u00bboff\u00bb custom_width_px=\u00bb1080&#8243; custom_width_percent=\u00bb80&#8243;][et_pb_row admin_label=\u00bbrow\u00bb make_fullwidth=\u00bboff\u00bb use_custom_width=\u00bboff\u00bb width_unit=\u00bboff\u00bb use_custom_gutter=\u00bboff\u00bb custom_padding=\u00bb65px|0px|65px|0px\u00bb allow_player_pause=\u00bboff\u00bb parallax=\u00bboff\u00bb parallax_method=\u00bbon\u00bb make_equal=\u00bboff\u00bb column_padding_mobile=\u00bbon\u00bb parallax_1=\u00bboff\u00bb parallax_method_1=\u00bbon\u00bb parallax_2=\u00bboff\u00bb parallax_method_2=\u00bbon\u00bb parallax_3=\u00bboff\u00bb parallax_method_3=\u00bbon\u00bb parallax_4=\u00bboff\u00bb parallax_method_4=\u00bbon\u00bb disabled=\u00bboff\u00bb background_position=\u00bbtop_left\u00bb background_repeat=\u00bbrepeat\u00bb background_size=\u00bbinitial\u00bb][et_pb_column type=\u00bb4_4&#8243;][et_pb_text admin_label=\u00bbTexto titulo album digital\u00bb background_layout=\u00bbdark\u00bb text_orientation=\u00bbcenter\u00bb header_font=\u00bb|on||on|\u00bb header_font_size=\u00bb40&#8243; use_border_color=\u00bboff\u00bb border_style=\u00bbsolid\u00bb disabled=\u00bboff\u00bb border_color=\u00bb#ffffff\u00bb header_letter_spacing=\u00bb0&#8243; header_line_height=\u00bb1&#8243; text_letter_spacing=\u00bb0&#8243; text_line_height=\u00bb1.7&#8243; border_width=\u00bb1&#8243; background_position=\u00bbtop_left\u00bb background_repeat=\u00bbrepeat\u00bb background_size=\u00bbinitial\u00bb _builder_version=\u00bb3.0.63&#8243;]<\/p>\n<h1>\u00c1lbum digital<\/h1>\n<p>[\/et_pb_text][et_pb_divider color=\u00bb#0c71c3&#8243; show_divider=\u00bbon\u00bb divider_style=\u00bbsolid\u00bb divider_position=\u00bbtop\u00bb divider_weight=\u00bb5px\u00bb hide_on_mobile=\u00bboff\u00bb custom_css_main_element=\u00bbwidth:150px;||margin: 0 auto;\u00bb disabled=\u00bboff\u00bb \/][\/et_pb_column][\/et_pb_row][\/et_pb_section][et_pb_section bb_built=\u00bb1&#8243; custom_padding=\u00bb54px|0px|39px|0px\u00bb][et_pb_row background_position=\u00bbtop_left\u00bb background_repeat=\u00bbrepeat\u00bb background_size=\u00bbinitial\u00bb _builder_version=\u00bb3.0.63&#8243;][et_pb_column type=\u00bb4_4&#8243;][et_pb_text text_orientation=\u00bbcenter\u00bb text_font=\u00bbMontserrat||||\u00bb text_font_size=\u00bb20px\u00bb text_text_color=\u00bb#000000&#8243; custom_margin=\u00bb40px||40px|\u00bb background_position=\u00bbtop_left\u00bb background_repeat=\u00bbrepeat\u00bb background_size=\u00bbinitial\u00bb _builder_version=\u00bb3.0.63&#8243; background_layout=\u00bblight\u00bb border_style=\u00bbsolid\u00bb text_line_height=\u00bb1.6em\u00bb]<\/p>\n<p><span style=\"font-weight: 400;\">Tu colecci\u00f3n de fotograf\u00edas en un \u00e1lbum con dise\u00f1o personalizado.<\/span><\/p>\n<p>[\/et_pb_text][et_pb_image admin_label=\u00bbImagen album boda\u00bb src=\u00bbhttps:\/\/www.fotomundocolor.com\/web1\/wp-content\/uploads\/2017\/03\/album-boda-acostado.jpg\u00bb animation=\u00bboff\u00bb align=\u00bbcenter\u00bb \/][\/et_pb_column][\/et_pb_row][\/et_pb_section][et_pb_section bb_built=\u00bb1&#8243; admin_label=\u00bbsection\u00bb background_image=\u00bbhttps:\/\/www.fotomundocolor.com\/web1\/wp-content\/uploads\/2017\/03\/franja-teclado-clara.jpg\u00bb background_color=\u00bb#233c54&#8243; parallax=\u00bbon\u00bb custom_padding=\u00bb30px|0px|30px|0px\u00bb transparent_background=\u00bboff\u00bb allow_player_pause=\u00bboff\u00bb inner_shadow=\u00bboff\u00bb parallax_method=\u00bbon\u00bb make_fullwidth=\u00bboff\u00bb use_custom_width=\u00bboff\u00bb width_unit=\u00bbon\u00bb custom_width_px=\u00bb1080&#8243; custom_width_percent=\u00bb80&#8243; make_equal=\u00bboff\u00bb use_custom_gutter=\u00bboff\u00bb][et_pb_row admin_label=\u00bbrow\u00bb custom_padding=\u00bb0px|0px|27px|0px\u00bb background_position=\u00bbtop_left\u00bb background_repeat=\u00bbrepeat\u00bb background_size=\u00bbinitial\u00bb][et_pb_column type=\u00bb4_4&#8243;][et_pb_text admin_label=\u00bbTexto dise\u00f1o personalizado\u00bb text_orientation=\u00bbcenter\u00bb text_font_size=\u00bb22&#8243; custom_margin=\u00bb40px|||\u00bb custom_margin_last_edited=\u00bbon|desktop\u00bb background_position=\u00bbtop_left\u00bb background_repeat=\u00bbrepeat\u00bb background_size=\u00bbinitial\u00bb _builder_version=\u00bb3.0.63&#8243; background_layout=\u00bblight\u00bb text_line_height=\u00bb1.6em\u00bb border_style=\u00bbsolid\u00bb]<\/p>\n<p>Cree un \u00e1lbum de recuerdos inolvidable personalizando su foto libro de principio a fin.<br \/>\nDistribuye las fotos como desees. Usa texto, fondos, marcos o cliparts para acompa\u00f1arlas y crear un dise\u00f1o \u00fanico.<br \/>\nIdeales para bodas, bautizos, comuniones, aniversarios, ni\u00f1os, familia, viajes y en general cualquier tipo de evento u ocasi\u00f3n especial.<\/p>\n<p>[\/et_pb_text][\/et_pb_column][\/et_pb_row][\/et_pb_section][et_pb_section bb_built=\u00bb1&#8243; admin_label=\u00bbsection\u00bb][et_pb_row admin_label=\u00bbrow\u00bb background_position=\u00bbtop_left\u00bb background_repeat=\u00bbrepeat\u00bb background_size=\u00bbinitial\u00bb][et_pb_column type=\u00bb4_4&#8243;][et_pb_text admin_label=\u00bbTexto titulo\u00bb text_orientation=\u00bbcenter\u00bb text_font=\u00bbMontserrat|on|||\u00bb text_font_size=\u00bb24px\u00bb text_text_color=\u00bb#3d3d3d\u00bb background_position=\u00bbtop_left\u00bb background_repeat=\u00bbrepeat\u00bb background_size=\u00bbinitial\u00bb]<\/p>\n<p>Elige entre nuestros formatos y tama\u00f1os<\/p>\n<p>[\/et_pb_text][\/et_pb_column][\/et_pb_row][et_pb_row admin_label=\u00bbrow\u00bb make_equal=\u00bbon\u00bb module_class_1=\u00bbcolumna-distribuida\u00bb module_class_2=\u00bbcolumna-distribuida\u00bb module_class_3=\u00bbcolumna-distribuida\u00bb background_position=\u00bbtop_left\u00bb background_repeat=\u00bbrepeat\u00bb background_size=\u00bbinitial\u00bb][et_pb_column type=\u00bb1_3&#8243;][et_pb_blurb admin_label=\u00bbtapa dura\u00bb title=\u00bbTapa dura\u00bb image=\u00bbhttps:\/\/www.fotomundocolor.com\/web1\/wp-content\/uploads\/2017\/03\/album-comunion_500.jpg\u00bb alt=\u00bbalbum tapa dura\u00bb animation=\u00bboff\u00bb text_orientation=\u00bbcenter\u00bb body_font_size=\u00bb18&#8243; background_position=\u00bbtop_left\u00bb background_repeat=\u00bbrepeat\u00bb background_size=\u00bbinitial\u00bb _builder_version=\u00bb3.0.63&#8243; url_new_window=\u00bboff\u00bb use_icon=\u00bboff\u00bb use_circle=\u00bboff\u00bb use_circle_border=\u00bboff\u00bb icon_placement=\u00bbtop\u00bb use_icon_font_size=\u00bboff\u00bb background_layout=\u00bblight\u00bb border_style=\u00bbsolid\u00bb]<\/p>\n<p><span style=\"font-weight: 400;\">\u00c1lbum digital de excelente presencia con tapas robustas y hojas r\u00edgidas.<\/span><span style=\"font-weight: 400;\"> Tama\u00f1os:&nbsp;25&#215;25 y 24&#215;30 cm.<\/span><\/p>\n<p>[\/et_pb_blurb][\/et_pb_column][et_pb_column type=\u00bb1_3&#8243;][et_pb_blurb admin_label=\u00bbAnuncio tapa blanda\u00bb title=\u00bbTapa blanda\u00bb image=\u00bbhttps:\/\/www.fotomundocolor.com\/web1\/wp-content\/uploads\/2017\/03\/album-tapa-blanda_500.jpg\u00bb alt=\u00bbalbum tapa blanda\u00bb animation=\u00bboff\u00bb text_orientation=\u00bbcenter\u00bb body_font_size=\u00bb18&#8243; saved_tabs=\u00bball\u00bb background_position=\u00bbtop_left\u00bb background_repeat=\u00bbrepeat\u00bb background_size=\u00bbinitial\u00bb _builder_version=\u00bb3.0.63&#8243; url_new_window=\u00bboff\u00bb use_icon=\u00bboff\u00bb use_circle=\u00bboff\u00bb use_circle_border=\u00bboff\u00bb icon_placement=\u00bbtop\u00bb use_icon_font_size=\u00bboff\u00bb background_layout=\u00bblight\u00bb border_style=\u00bbsolid\u00bb]<\/p>\n<p class=\"\">Elegante \u00e1lbum con tapas ligeras y laminadas. M\u00faltiples tama\u00f1os.<\/p>\n<p>[\/et_pb_blurb][\/et_pb_column][et_pb_column type=\u00bb1_3&#8243;][et_pb_blurb admin_label=\u00bbAnuncio anillad\u00bb title=\u00bb\u00c1lbum anillado\u00bb image=\u00bbhttps:\/\/www.fotomundocolor.com\/web1\/wp-content\/uploads\/2017\/03\/album-anillado_500.jpg\u00bb alt=\u00bbalbum tapa blanda\u00bb animation=\u00bboff\u00bb text_orientation=\u00bbcenter\u00bb body_font_size=\u00bb18&#8243; background_position=\u00bbtop_left\u00bb background_repeat=\u00bbrepeat\u00bb background_size=\u00bbinitial\u00bb _builder_version=\u00bb3.0.63&#8243; url_new_window=\u00bboff\u00bb use_icon=\u00bboff\u00bb use_circle=\u00bboff\u00bb use_circle_border=\u00bboff\u00bb icon_placement=\u00bbtop\u00bb use_icon_font_size=\u00bboff\u00bb background_layout=\u00bblight\u00bb border_style=\u00bbsolid\u00bb]<\/p>\n<p>\u00c1lbum digital sencillo, pr\u00e1ctico y econ\u00f3mico. Multiples tama\u00f1os<\/p>\n<p>[\/et_pb_blurb][\/et_pb_column][\/et_pb_row][\/et_pb_section][et_pb_section bb_built=\u00bb1&#8243; custom_padding=\u00bb0px|0px|0px|0px\u00bb _builder_version=\u00bb3.0.63&#8243;][et_pb_row background_position=\u00bbtop_left\u00bb background_repeat=\u00bbrepeat\u00bb background_size=\u00bbinitial\u00bb _builder_version=\u00bb3.0.63&#8243;][et_pb_column type=\u00bb4_4&#8243;][et_pb_image admin_label=\u00bbImagen album caja\u00bb src=\u00bbhttps:\/\/www.fotomundocolor.com\/web1\/wp-content\/uploads\/2017\/03\/album-caja.jpg\u00bb alt=\u00bbalbum tapa dura \u00f1ina\u00bb animation=\u00bbbottom\u00bb align=\u00bbcenter\u00bb _builder_version=\u00bb3.0.63&#8243; \/][\/et_pb_column][\/et_pb_row][\/et_pb_section]<\/p>\n","protected":false},"excerpt":{"rendered":"<p>[et_pb_section bb_built=\u00bb1&#8243; admin_label=\u00bbsection\u00bb background_image=\u00bbhttps:\/\/www.fotomundocolor.com\/web1\/wp-content\/uploads\/2017\/03\/cabecera-album2_1300-1.jpg\u00bb transparent_background=\u00bboff\u00bb allow_player_pause=\u00bboff\u00bb inner_shadow=\u00bboff\u00bb parallax=\u00bboff\u00bb parallax_method=\u00bboff\u00bb padding_mobile=\u00bboff\u00bb make_fullwidth=\u00bboff\u00bb use_custom_width=\u00bboff\u00bb width_unit=\u00bbon\u00bb make_equal=\u00bboff\u00bb use_custom_gutter=\u00bboff\u00bb fullwidth=\u00bboff\u00bb specialty=\u00bboff\u00bb disabled=\u00bboff\u00bb custom_width_px=\u00bb1080&#8243; custom_width_percent=\u00bb80&#8243;][et_pb_row admin_label=\u00bbrow\u00bb make_fullwidth=\u00bboff\u00bb use_custom_width=\u00bboff\u00bb width_unit=\u00bboff\u00bb use_custom_gutter=\u00bboff\u00bb custom_padding=\u00bb65px|0px|65px|0px\u00bb allow_player_pause=\u00bboff\u00bb parallax=\u00bboff\u00bb parallax_method=\u00bbon\u00bb make_equal=\u00bboff\u00bb column_padding_mobile=\u00bbon\u00bb parallax_1=\u00bboff\u00bb parallax_method_1=\u00bbon\u00bb parallax_2=\u00bboff\u00bb parallax_method_2=\u00bbon\u00bb parallax_3=\u00bboff\u00bb parallax_method_3=\u00bbon\u00bb parallax_4=\u00bboff\u00bb parallax_method_4=\u00bbon\u00bb disabled=\u00bboff\u00bb background_position=\u00bbtop_left\u00bb background_repeat=\u00bbrepeat\u00bb background_size=\u00bbinitial\u00bb][et_pb_column type=\u00bb4_4&#8243;][et_pb_text admin_label=\u00bbTexto titulo album digital\u00bb background_layout=\u00bbdark\u00bb text_orientation=\u00bbcenter\u00bb header_font=\u00bb|on||on|\u00bb header_font_size=\u00bb40&#8243; use_border_color=\u00bboff\u00bb border_style=\u00bbsolid\u00bb disabled=\u00bboff\u00bb [&hellip;]<\/p>\n","protected":false},"author":1,"featured_media":0,"parent":0,"menu_order":0,"comment_status":"closed","ping_status":"closed","template":"","meta":{"_et_pb_use_builder":"on","_et_pb_old_content":"","_et_gb_content_width":""},"_links":{"self":[{"href":"https:\/\/www.fotomundocolor.com\/web1\/wp-json\/wp\/v2\/pages\/421"}],"collection":[{"href":"https:\/\/www.fotomundocolor.com\/web1\/wp-json\/wp\/v2\/pages"}],"about":[{"href":"https:\/\/www.fotomundocolor.com\/web1\/wp-json\/wp\/v2\/types\/page"}],"author":[{"embeddable":true,"href":"https:\/\/www.fotomundocolor.com\/web1\/wp-json\/wp\/v2\/users\/1"}],"replies":[{"embeddable":true,"href":"https:\/\/www.fotomundocolor.com\/web1\/wp-json\/wp\/v2\/comments?post=421"}],"version-history":[{"count":4,"href":"https:\/\/www.fotomundocolor.com\/web1\/wp-json\/wp\/v2\/pages\/421\/revisions"}],"predecessor-version":[{"id":812,"href":"https:\/\/www.fotomundocolor.com\/web1\/wp-json\/wp\/v2\/pages\/421\/revisions\/812"}],"wp:attachment":[{"href":"https:\/\/www.fotomundocolor.com\/web1\/wp-json\/wp\/v2\/media?parent=421"}],"curies":[{"name":"wp","href":"https:\/\/api.w.org\/{rel}","templated":true}]}}