{"id":595,"date":"2017-03-23T14:37:37","date_gmt":"2017-03-23T14:37:37","guid":{"rendered":"https:\/\/www.fotomundocolor.com\/web1\/?page_id=595"},"modified":"2017-09-21T15:18:10","modified_gmt":"2017-09-21T15:18:10","slug":"foto-decoracion","status":"publish","type":"page","link":"https:\/\/www.fotomundocolor.com\/web1\/foto-decoracion\/","title":{"rendered":"Foto Decoraci\u00f3n"},"content":{"rendered":"<p>[et_pb_section bb_built=\u00bb1&#8243; admin_label=\u00bbsection\u00bb background_image=\u00bbhttps:\/\/www.fotomundocolor.com\/web1\/wp-content\/uploads\/2017\/03\/lienzo-header1.jpg\u00bb custom_padding=\u00bb32px|0px|6px|0px\u00bb custom_width_percent=\u00bb80&#8243;][et_pb_row admin_label=\u00bbrow\u00bb custom_width_percent=\u00bb80px\u00bb custom_padding=\u00bb55px|0px|55px|0px\u00bb column_padding_mobile=\u00bbon\u00bb parallax_method_1=\u00bboff\u00bb background_position=\u00bbtop_left\u00bb background_repeat=\u00bbrepeat\u00bb background_size=\u00bbinitial\u00bb _builder_version=\u00bb3.0.63&#8243; background_position_1=\u00bbtop_left\u00bb background_repeat_1=\u00bbno-repeat\u00bb][et_pb_column type=\u00bb4_4&#8243;][et_pb_text admin_label=\u00bbTexto titulofoto decoracion\u00bb background_layout=\u00bbdark\u00bb header_font=\u00bb|on||on|\u00bb header_font_size=\u00bb40px\u00bb header_letter_spacing=\u00bb0&#8243; header_line_height=\u00bb1&#8243; text_letter_spacing=\u00bb0&#8243; text_line_height=\u00bb1.7&#8243; background_position=\u00bbtop_left\u00bb background_repeat=\u00bbrepeat\u00bb background_size=\u00bbinitial\u00bb _builder_version=\u00bb3.0.63&#8243; text_orientation=\u00bbcenter\u00bb border_style=\u00bbsolid\u00bb]<\/p>\n<h1>Foto decoraci\u00f3n<\/h1>\n<p>[\/et_pb_text][et_pb_divider color=\u00bb#0c71c3&#8243; show_divider=\u00bbon\u00bb divider_style=\u00bbsolid\u00bb divider_position=\u00bbtop\u00bb divider_weight=\u00bb5px\u00bb hide_on_mobile=\u00bboff\u00bb custom_css_main_element=\u00bbwidth:150px;||margin: 0 auto;\u00bb _builder_version=\u00bb3.0.63&#8243; \/][\/et_pb_column][\/et_pb_row][\/et_pb_section][et_pb_section bb_built=\u00bb1&#8243; admin_label=\u00bbsection\u00bb][et_pb_row admin_label=\u00bbrow\u00bb background_position=\u00bbtop_left\u00bb background_repeat=\u00bbrepeat\u00bb background_size=\u00bbinitial\u00bb][et_pb_column type=\u00bb4_4&#8243;][et_pb_text admin_label=\u00bbTexto descripcion\u00bb text_orientation=\u00bbcenter\u00bb header_font_size=\u00bb30&#8243; header_letter_spacing=\u00bb0&#8243; header_line_height=\u00bb1&#8243; text_font_size=\u00bb22&#8243; text_letter_spacing=\u00bb0&#8243; text_line_height=\u00bb1.7&#8243; background_position=\u00bbtop_left\u00bb background_repeat=\u00bbrepeat\u00bb background_size=\u00bbinitial\u00bb _builder_version=\u00bb3.0.63&#8243; background_layout=\u00bblight\u00bb border_style=\u00bbsolid\u00bb]<\/p>\n<p>Imprime tu foto favorita en formatos grandes para decorar y crear dise\u00f1os \u00fanicos en tus espacios.<\/p>\n<p>[\/et_pb_text][\/et_pb_column][\/et_pb_row][\/et_pb_section][et_pb_section bb_built=\u00bb1&#8243; background_color=\u00bb#f5f5f5&#8243; custom_width_percent=\u00bb80&#8243;][et_pb_row background_position=\u00bbtop_left\u00bb background_repeat=\u00bbrepeat\u00bb background_size=\u00bbinitial\u00bb][et_pb_column type=\u00bb4_4&#8243;][et_pb_text admin_label=\u00bbTexto foto lienzo\u00bb text_orientation=\u00bbcenter\u00bb header_font_size=\u00bb30&#8243; header_letter_spacing=\u00bb0&#8243; header_line_height=\u00bb1&#8243; text_letter_spacing=\u00bb0&#8243; text_line_height=\u00bb1.7&#8243; background_layout=\u00bblight\u00bb border_width=\u00bb1&#8243; border_style=\u00bbsolid\u00bb text_font=\u00bbMontserrat|on|||\u00bb text_font_size=\u00bb22&#8243; text_font_size_tablet=\u00bb40&#8243; background_position=\u00bbtop_left\u00bb background_repeat=\u00bbrepeat\u00bb background_size=\u00bbinitial\u00bb _builder_version=\u00bb3.0.63&#8243;]<\/p>\n<p><strong>Foto Lienzo<\/strong><\/p>\n<p>[\/et_pb_text][\/et_pb_column][\/et_pb_row][et_pb_row make_fullwidth=\u00bbon\u00bb custom_width_percent=\u00bb80&#8243; parallax_method_1=\u00bboff\u00bb parallax_method_2=\u00bboff\u00bb background_position=\u00bbtop_left\u00bb background_repeat=\u00bbrepeat\u00bb background_size=\u00bbinitial\u00bb][et_pb_column type=\u00bb1_2&#8243;][et_pb_image admin_label=\u00bbImagen lienzo teide\u00bb src=\u00bbhttps:\/\/www.fotomundocolor.com\/web1\/wp-content\/uploads\/2017\/03\/salon-fotolienzo-teide_800.jpg\u00bb alt=\u00bbFoto Lienzo\u00bb animation=\u00bboff\u00bb align=\u00bbcenter\u00bb \/][\/et_pb_column][et_pb_column type=\u00bb1_2&#8243;][et_pb_text admin_label=\u00bbTexto descripcion lienzo\u00bb header_font_size=\u00bb30&#8243; header_letter_spacing=\u00bb0&#8243; header_line_height=\u00bb1&#8243; text_letter_spacing=\u00bb0&#8243; text_line_height=\u00bb1.7&#8243; background_layout=\u00bblight\u00bb text_orientation=\u00bbleft\u00bb border_width=\u00bb1&#8243; border_style=\u00bbsolid\u00bb background_position=\u00bbtop_left\u00bb background_repeat=\u00bbrepeat\u00bb background_size=\u00bbinitial\u00bb _builder_version=\u00bb3.0.63&#8243; text_font_size=\u00bb18&#8243;]<\/p>\n<p><strong>Tu foto convertida en un cuadro con textura de lienzo.<\/strong><\/p>\n<p>Impresi\u00f3n de calidad fotogr\u00e1fica sobre un lienzo de fibra textil de primera calidad y fina textura en un robusto bastidor de madera. Capa de barnizado-lacado para garantizar la durabilidad y facilitar su limpieza.<\/p>\n<p>Uno s\u00f3lo o en composiciones de varias unidades, el Foto Lienzo es la forma ideal para decorar tu casa \u00f3 la oficina, ya sea sobre el sofa de tu sal\u00f3n, sobre el cabecero de tu cama, para pasillos o en la habitaci\u00f3n de los ni\u00f1os.<\/p>\n<p>Formatos: desde 20&#215;25 cm a 60&#215;90 cm<\/p>\n<p>[\/et_pb_text][\/et_pb_column][\/et_pb_row][\/et_pb_section][et_pb_section bb_built=\u00bb1&#8243; custom_width_percent=\u00bb80&#8243;][et_pb_row background_position=\u00bbtop_left\u00bb background_repeat=\u00bbrepeat\u00bb background_size=\u00bbinitial\u00bb][et_pb_column type=\u00bb4_4&#8243;][et_pb_text admin_label=\u00bbTexto deluxe\u00bb text_orientation=\u00bbcenter\u00bb header_font_size=\u00bb30&#8243; header_letter_spacing=\u00bb0&#8243; header_line_height=\u00bb1&#8243; text_letter_spacing=\u00bb0&#8243; text_line_height=\u00bb1.7&#8243; background_layout=\u00bblight\u00bb text_font=\u00bbMontserrat|on|||\u00bb text_font_size=\u00bb22&#8243; border_width=\u00bb1&#8243; border_style=\u00bbsolid\u00bb background_position=\u00bbtop_left\u00bb background_repeat=\u00bbrepeat\u00bb background_size=\u00bbinitial\u00bb _builder_version=\u00bb3.0.63&#8243;]<\/p>\n<p><strong>Foto Decoraci\u00f3n Ligera<\/strong><\/p>\n<p>[\/et_pb_text][et_pb_text text_orientation=\u00bbcenter\u00bb header_font_size=\u00bb30&#8243; header_letter_spacing=\u00bb0&#8243; header_line_height=\u00bb1&#8243; text_letter_spacing=\u00bb0&#8243; text_line_height=\u00bb1.7&#8243; background_position=\u00bbtop_left\u00bb background_repeat=\u00bbrepeat\u00bb background_size=\u00bbinitial\u00bb _builder_version=\u00bb3.0.63&#8243; background_layout=\u00bblight\u00bb text_font_size=\u00bb18&#8243; border_style=\u00bbsolid\u00bb]<\/p>\n<p>Disfruta de tus ampliaciones en calidad fotogr\u00e1fica a precios econ\u00f3micos en soportes ligeros y elegantes para decorar.<br \/>\n<strong>Montaje de foto sobre cart\u00f3n pluma de diferentes grosores y laminado para proporcionar mayor durabilidad y facilidad de limpieza.<\/strong><\/p>\n<p>[\/et_pb_text][\/et_pb_column][\/et_pb_row][et_pb_row custom_width_percent=\u00bb80&#8243; parallax_method_1=\u00bboff\u00bb parallax_method_2=\u00bboff\u00bb background_position=\u00bbtop_left\u00bb background_repeat=\u00bbrepeat\u00bb background_size=\u00bbinitial\u00bb][et_pb_column type=\u00bb1_2&#8243;][et_pb_image admin_label=\u00bbImagen foam\u00bb src=\u00bbhttps:\/\/www.fotomundocolor.com\/web1\/wp-content\/uploads\/2017\/03\/lienzos-ligeros_800.jpg\u00bb alt=\u00bbdecoracion ligera\u00bb animation=\u00bboff\u00bb \/][et_pb_text admin_label=\u00bbTexto foam\u00bb text_orientation=\u00bbcenter\u00bb header_font_size=\u00bb30&#8243; header_letter_spacing=\u00bb0&#8243; header_line_height=\u00bb1&#8243; text_letter_spacing=\u00bb0&#8243; text_line_height=\u00bb1.7&#8243; background_position=\u00bbtop_left\u00bb background_repeat=\u00bbrepeat\u00bb background_size=\u00bbinitial\u00bb]<\/p>\n<h4>Acabado sobre soporte de foam<\/h4>\n<p>[\/et_pb_text][\/et_pb_column][et_pb_column type=\u00bb1_2&#8243;][et_pb_image admin_label=\u00bbImagen lienzo teide\u00bb src=\u00bbhttps:\/\/www.fotomundocolor.com\/web1\/wp-content\/uploads\/2017\/03\/salon-fotodeluxe-teide_800.jpg\u00bb alt=\u00bbdecoracion ligera deluxe\u00bb animation=\u00bboff\u00bb align=\u00bbcenter\u00bb \/][et_pb_text admin_label=\u00bbTexto deluxe\u00bb text_orientation=\u00bbcenter\u00bb header_font_size=\u00bb30&#8243; header_letter_spacing=\u00bb0&#8243; header_line_height=\u00bb1&#8243; text_letter_spacing=\u00bb0&#8243; text_line_height=\u00bb1.7&#8243; background_position=\u00bbtop_left\u00bb background_repeat=\u00bbrepeat\u00bb background_size=\u00bbinitial\u00bb]<\/p>\n<h4>Acabado deluxe sobre foam y bordes cubiertos.<\/h4>\n<p>[\/et_pb_text][\/et_pb_column][\/et_pb_row][\/et_pb_section][et_pb_section bb_built=\u00bb1&#8243; custom_padding=\u00bb54px|0px|0px|0px\u00bb][et_pb_row make_fullwidth=\u00bbon\u00bb custom_width_percent=\u00bb80&#8243; use_custom_gutter=\u00bbon\u00bb gutter_width=\u00bb1&#8243; parallax_method_1=\u00bboff\u00bb parallax_method_2=\u00bboff\u00bb parallax_method_3=\u00bboff\u00bb parallax_method_4=\u00bboff\u00bb background_position=\u00bbtop_left\u00bb background_repeat=\u00bbrepeat\u00bb background_size=\u00bbinitial\u00bb][et_pb_column type=\u00bb1_4&#8243;][et_pb_image admin_label=\u00bbImagen sillon canelo\u00bb src=\u00bbhttps:\/\/www.fotomundocolor.com\/web1\/wp-content\/uploads\/2017\/03\/sofa-lienzo_500.jpg\u00bb alt=\u00bbfoto Lienzo pared\u00bb animation=\u00bboff\u00bb align=\u00bbcenter\u00bb show_in_lightbox=\u00bboff\u00bb url_new_window=\u00bboff\u00bb use_overlay=\u00bboff\u00bb sticky=\u00bbon\u00bb force_fullwidth=\u00bboff\u00bb always_center_on_mobile=\u00bbon\u00bb use_border_color=\u00bboff\u00bb border_color=\u00bb#ffffff\u00bb border_width=\u00bb1&#8243; border_style=\u00bbsolid\u00bb \/][\/et_pb_column][et_pb_column type=\u00bb1_4&#8243;][et_pb_image admin_label=\u00bbImagen lienzo escritorio\u00bb src=\u00bbhttps:\/\/www.fotomundocolor.com\/web1\/wp-content\/uploads\/2017\/03\/lienzo-lampara_500.jpg\u00bb alt=\u00bblienzo en escritorio\u00bb animation=\u00bboff\u00bb align=\u00bbcenter\u00bb show_in_lightbox=\u00bboff\u00bb url_new_window=\u00bboff\u00bb use_overlay=\u00bboff\u00bb sticky=\u00bbon\u00bb force_fullwidth=\u00bboff\u00bb always_center_on_mobile=\u00bbon\u00bb use_border_color=\u00bboff\u00bb border_color=\u00bb#ffffff\u00bb border_width=\u00bb1&#8243; border_style=\u00bbsolid\u00bb \/][\/et_pb_column][et_pb_column type=\u00bb1_4&#8243;][et_pb_image admin_label=\u00bbImagen lienzo caballete\u00bb src=\u00bbhttps:\/\/www.fotomundocolor.com\/web1\/wp-content\/uploads\/2017\/03\/lienzo-caballete_500.jpg\u00bb alt=\u00bblienzo caballete\u00bb animation=\u00bboff\u00bb align=\u00bbcenter\u00bb show_in_lightbox=\u00bboff\u00bb url_new_window=\u00bboff\u00bb use_overlay=\u00bboff\u00bb sticky=\u00bbon\u00bb force_fullwidth=\u00bboff\u00bb always_center_on_mobile=\u00bbon\u00bb use_border_color=\u00bboff\u00bb border_color=\u00bb#ffffff\u00bb border_width=\u00bb1&#8243; border_style=\u00bbsolid\u00bb \/][\/et_pb_column][et_pb_column type=\u00bb1_4&#8243;][et_pb_image admin_label=\u00bbImagen cuadro pared azul\u00bb src=\u00bbhttps:\/\/www.fotomundocolor.com\/web1\/wp-content\/uploads\/2017\/03\/lienzo-pared-azul_500.jpg\u00bb alt=\u00bbcuadro pared\u00bb animation=\u00bboff\u00bb align=\u00bbcenter\u00bb show_in_lightbox=\u00bboff\u00bb url_new_window=\u00bboff\u00bb use_overlay=\u00bboff\u00bb sticky=\u00bbon\u00bb force_fullwidth=\u00bboff\u00bb always_center_on_mobile=\u00bbon\u00bb use_border_color=\u00bboff\u00bb border_color=\u00bb#ffffff\u00bb border_width=\u00bb1&#8243; border_style=\u00bbsolid\u00bb \/][\/et_pb_column][\/et_pb_row][\/et_pb_section]<\/p>\n","protected":false},"excerpt":{"rendered":"<p>[et_pb_section bb_built=\u00bb1&#8243; admin_label=\u00bbsection\u00bb background_image=\u00bbhttps:\/\/www.fotomundocolor.com\/web1\/wp-content\/uploads\/2017\/03\/lienzo-header1.jpg\u00bb custom_padding=\u00bb32px|0px|6px|0px\u00bb custom_width_percent=\u00bb80&#8243;][et_pb_row admin_label=\u00bbrow\u00bb custom_width_percent=\u00bb80px\u00bb custom_padding=\u00bb55px|0px|55px|0px\u00bb column_padding_mobile=\u00bbon\u00bb parallax_method_1=\u00bboff\u00bb background_position=\u00bbtop_left\u00bb background_repeat=\u00bbrepeat\u00bb background_size=\u00bbinitial\u00bb _builder_version=\u00bb3.0.63&#8243; background_position_1=\u00bbtop_left\u00bb background_repeat_1=\u00bbno-repeat\u00bb][et_pb_column type=\u00bb4_4&#8243;][et_pb_text admin_label=\u00bbTexto titulofoto decoracion\u00bb background_layout=\u00bbdark\u00bb header_font=\u00bb|on||on|\u00bb header_font_size=\u00bb40px\u00bb header_letter_spacing=\u00bb0&#8243; header_line_height=\u00bb1&#8243; text_letter_spacing=\u00bb0&#8243; text_line_height=\u00bb1.7&#8243; background_position=\u00bbtop_left\u00bb background_repeat=\u00bbrepeat\u00bb background_size=\u00bbinitial\u00bb _builder_version=\u00bb3.0.63&#8243; text_orientation=\u00bbcenter\u00bb border_style=\u00bbsolid\u00bb] Foto decoraci\u00f3n [\/et_pb_text][et_pb_divider color=\u00bb#0c71c3&#8243; show_divider=\u00bbon\u00bb divider_style=\u00bbsolid\u00bb divider_position=\u00bbtop\u00bb divider_weight=\u00bb5px\u00bb hide_on_mobile=\u00bboff\u00bb custom_css_main_element=\u00bbwidth:150px;||margin: 0 auto;\u00bb _builder_version=\u00bb3.0.63&#8243; \/][\/et_pb_column][\/et_pb_row][\/et_pb_section][et_pb_section bb_built=\u00bb1&#8243; admin_label=\u00bbsection\u00bb][et_pb_row admin_label=\u00bbrow\u00bb background_position=\u00bbtop_left\u00bb background_repeat=\u00bbrepeat\u00bb background_size=\u00bbinitial\u00bb][et_pb_column type=\u00bb4_4&#8243;][et_pb_text [&hellip;]<\/p>\n","protected":false},"author":1,"featured_media":0,"parent":0,"menu_order":0,"comment_status":"closed","ping_status":"closed","template":"","meta":{"_et_pb_use_builder":"on","_et_pb_old_content":"","_et_gb_content_width":""},"_links":{"self":[{"href":"https:\/\/www.fotomundocolor.com\/web1\/wp-json\/wp\/v2\/pages\/595"}],"collection":[{"href":"https:\/\/www.fotomundocolor.com\/web1\/wp-json\/wp\/v2\/pages"}],"about":[{"href":"https:\/\/www.fotomundocolor.com\/web1\/wp-json\/wp\/v2\/types\/page"}],"author":[{"embeddable":true,"href":"https:\/\/www.fotomundocolor.com\/web1\/wp-json\/wp\/v2\/users\/1"}],"replies":[{"embeddable":true,"href":"https:\/\/www.fotomundocolor.com\/web1\/wp-json\/wp\/v2\/comments?post=595"}],"version-history":[{"count":5,"href":"https:\/\/www.fotomundocolor.com\/web1\/wp-json\/wp\/v2\/pages\/595\/revisions"}],"predecessor-version":[{"id":655,"href":"https:\/\/www.fotomundocolor.com\/web1\/wp-json\/wp\/v2\/pages\/595\/revisions\/655"}],"wp:attachment":[{"href":"https:\/\/www.fotomundocolor.com\/web1\/wp-json\/wp\/v2\/media?parent=595"}],"curies":[{"name":"wp","href":"https:\/\/api.w.org\/{rel}","templated":true}]}}