{"id":886,"date":"2017-09-29T12:59:57","date_gmt":"2017-09-29T12:59:57","guid":{"rendered":"https:\/\/www.fotomundocolor.com\/web1\/?page_id=886"},"modified":"2021-04-05T11:09:29","modified_gmt":"2021-04-05T11:09:29","slug":"estudio-fotografico","status":"publish","type":"page","link":"https:\/\/www.fotomundocolor.com\/web1\/estudio-fotografico\/","title":{"rendered":"Estudio fotogr\u00e1fico"},"content":{"rendered":"<p>[et_pb_section fb_built=\u00bb1&#8243; custom_padding_last_edited=\u00bbon|desktop\u00bb admin_label=\u00bbsection\u00bb _builder_version=\u00bb3.22&#8243; background_image=\u00bbhttps:\/\/www.fotomundocolor.com\/web1\/wp-content\/uploads\/2017\/09\/cabecera-estudio0.jpg\u00bb custom_padding_tablet=\u00bb50px|0|50px|0&#8243; custom_padding_phone=\u00bb\u00bb padding_mobile=\u00bboff\u00bb custom_width_percent=\u00bb80px\u00bb][et_pb_row column_padding_mobile=\u00bbon\u00bb admin_label=\u00bbrow\u00bb _builder_version=\u00bb3.25&#8243; background_size=\u00bbinitial\u00bb background_position=\u00bbtop_left\u00bb background_repeat=\u00bbrepeat\u00bb custom_padding=\u00bb65px|0px|65px|0px\u00bb make_fullwidth=\u00bboff\u00bb use_custom_width=\u00bboff\u00bb width_unit=\u00bboff\u00bb][et_pb_column type=\u00bb4_4&#8243; _builder_version=\u00bb3.25&#8243; custom_padding=\u00bb|||\u00bb custom_padding__hover=\u00bb|||\u00bb][et_pb_text admin_label=\u00bbTexto titulo sesion fotografica\u00bb _builder_version=\u00bb3.27.4&#8243; text_letter_spacing=\u00bb0&#8243; text_line_height=\u00bb1.7&#8243; header_font=\u00bb|on||on|\u00bb header_font_size=\u00bb40&#8243; header_letter_spacing=\u00bb0&#8243; header_line_height=\u00bb1&#8243; background_size=\u00bbinitial\u00bb background_position=\u00bbtop_left\u00bb background_repeat=\u00bbrepeat\u00bb text_orientation=\u00bbcenter\u00bb background_layout=\u00bbdark\u00bb module_alignment=\u00bbcenter\u00bb border_width=\u00bb1&#8243; border_style=\u00bbsolid\u00bb]<\/p>\n<h1>Sesiones fotogr\u00e1ficas<\/h1>\n<p>[\/et_pb_text][et_pb_divider color=\u00bb#0c71c3&#8243; divider_weight=\u00bb5px\u00bb _builder_version=\u00bb3.2&#8243; custom_css_main_element=\u00bbwidth:150px;||margin: 0 auto;\u00bb hide_on_mobile=\u00bboff\u00bb][\/et_pb_divider][\/et_pb_column][\/et_pb_row][\/et_pb_section][et_pb_section fb_built=\u00bb1&#8243; _builder_version=\u00bb3.22&#8243; custom_padding=\u00bb54px|0px|39px|0px\u00bb][et_pb_row _builder_version=\u00bb3.25&#8243; background_size=\u00bbinitial\u00bb background_position=\u00bbtop_left\u00bb background_repeat=\u00bbrepeat\u00bb][et_pb_column type=\u00bb4_4&#8243; _builder_version=\u00bb3.25&#8243; custom_padding=\u00bb|||\u00bb custom_padding__hover=\u00bb|||\u00bb][et_pb_text _builder_version=\u00bb3.27.4&#8243; text_font=\u00bbMontserrat||||\u00bb text_text_color=\u00bb#000000&#8243; text_font_size=\u00bb20px\u00bb text_line_height=\u00bb1.6em\u00bb background_size=\u00bbinitial\u00bb background_position=\u00bbtop_left\u00bb background_repeat=\u00bbrepeat\u00bb text_orientation=\u00bbcenter\u00bb module_alignment=\u00bbcenter\u00bb custom_margin=\u00bb40px||40px|\u00bb border_style=\u00bbsolid\u00bb]La mejor manera de inmortalizar esos momentos inolvidables de la mano de profesionales de la fotograf\u00eda. Creamos el ambiente adecuado para hacer reportajes originales, frescos y creativos para capturar la esencia de los momentos m\u00e1s especiales.<br \/>\n[\/et_pb_text][et_pb_image src=\u00bbhttps:\/\/www.fotomundocolor.com\/web1\/wp-content\/uploads\/2017\/09\/imagenes-estudio.jpg\u00bb align=\u00bbcenter\u00bb align_tablet=\u00bbcenter\u00bb align_last_edited=\u00bbon|desktop\u00bb admin_label=\u00bbImagenes de estudio\u00bb _builder_version=\u00bb3.23&#8243; border_style=\u00bbsolid\u00bb animation=\u00bboff\u00bb sticky=\u00bboff\u00bb always_center_on_mobile=\u00bbon\u00bb][\/et_pb_image][\/et_pb_column][\/et_pb_row][\/et_pb_section][et_pb_section fb_built=\u00bb1&#8243; admin_label=\u00bbsection\u00bb _builder_version=\u00bb3.22&#8243; background_color=\u00bb#233c54&#8243; background_image=\u00bbhttps:\/\/www.fotomundocolor.com\/web1\/wp-content\/uploads\/2017\/09\/estudio-fondo.jpg\u00bb parallax=\u00bbon\u00bb custom_padding=\u00bb30px|0px|30px|0px\u00bb custom_width_percent=\u00bb80px\u00bb][et_pb_row admin_label=\u00bbrow\u00bb _builder_version=\u00bb3.25&#8243; background_size=\u00bbinitial\u00bb background_position=\u00bbtop_left\u00bb background_repeat=\u00bbrepeat\u00bb custom_padding=\u00bb0px|0px|27px|0px\u00bb][et_pb_column type=\u00bb4_4&#8243; _builder_version=\u00bb3.25&#8243; custom_padding=\u00bb|||\u00bb custom_padding__hover=\u00bb|||\u00bb][et_pb_text admin_label=\u00bbTexto reportaje fotografico\u00bb _builder_version=\u00bb3.27.4&#8243; text_font_size=\u00bb22&#8243; text_line_height=\u00bb1.6em\u00bb background_size=\u00bbinitial\u00bb background_position=\u00bbtop_left\u00bb background_repeat=\u00bbrepeat\u00bb text_orientation=\u00bbcenter\u00bb module_alignment=\u00bbcenter\u00bb custom_margin=\u00bb40px|||\u00bb custom_margin_tablet=\u00bb\u00bb custom_margin_phone=\u00bb\u00bb custom_margin_last_edited=\u00bbon|desktop\u00bb border_style=\u00bbsolid\u00bb]Hacemos reportajes fotogr\u00e1ficos para embarazadas, beb\u00e9s, bautizo, comuni\u00f3n, familiares, en pareja o reportajes profesionales para modelos. Le asesoramos en estilismo y posado para que, a\u00fan sin experiencia previa, pueda conseguir las mejores instant\u00e1neas.<br \/>\n[\/et_pb_text][\/et_pb_column][\/et_pb_row][\/et_pb_section][et_pb_section fb_built=\u00bb1&#8243; admin_label=\u00bbsection\u00bb _builder_version=\u00bb3.22&#8243;][et_pb_row admin_label=\u00bbrow\u00bb _builder_version=\u00bb3.25&#8243; background_size=\u00bbinitial\u00bb background_position=\u00bbtop_left\u00bb background_repeat=\u00bbrepeat\u00bb][et_pb_column type=\u00bb4_4&#8243; _builder_version=\u00bb3.25&#8243; custom_padding=\u00bb|||\u00bb custom_padding__hover=\u00bb|||\u00bb][et_pb_text admin_label=\u00bbTexto titulo\u00bb _builder_version=\u00bb3.27.4&#8243; text_font=\u00bbMontserrat|on|||\u00bb text_text_color=\u00bb#3d3d3d\u00bb text_font_size=\u00bb24px\u00bb background_size=\u00bbinitial\u00bb background_position=\u00bbtop_left\u00bb background_repeat=\u00bbrepeat\u00bb text_orientation=\u00bbcenter\u00bb module_alignment=\u00bbcenter\u00bb border_style=\u00bbsolid\u00bb]Elige entre nuestras sesiones estandard<br \/>\n[\/et_pb_text][\/et_pb_column][\/et_pb_row][et_pb_row make_equal=\u00bbon\u00bb admin_label=\u00bbrow\u00bb _builder_version=\u00bb4.4.4&#8243; background_size=\u00bbinitial\u00bb background_position=\u00bbtop_left\u00bb background_repeat=\u00bbrepeat\u00bb hover_enabled=\u00bb0&#8243; column_structure=\u00bb1_3,1_3,1_3&#8243;][et_pb_column type=\u00bb1_3&#8243; module_class=\u00bbcolumna-distribuida\u00bb _builder_version=\u00bb3.25&#8243; custom_padding=\u00bb|||\u00bb custom_padding__hover=\u00bb|||\u00bb][et_pb_blurb title=\u00bbSesi\u00f3n B\u00e1sica\u00bb url=\u00bbhttps:\/\/www.fotomundocolor.com\/web1\/producto\/sesion-de-estudio-basica\/\u00bb image=\u00bbhttps:\/\/www.fotomundocolor.com\/web1\/wp-content\/uploads\/2017\/10\/sesion-basica-pd.jpg\u00bb alt=\u00bbSesi\u00f3n foogr\u00e1fica b\u00e1sica\u00bb admin_label=\u00bbsesion basica\u00bb _builder_version=\u00bb4.4.4&#8243; header_text_align=\u00bbcenter\u00bb body_text_align=\u00bbleft\u00bb body_font_size=\u00bb18&#8243; background_size=\u00bbinitial\u00bb background_position=\u00bbtop_left\u00bb background_repeat=\u00bbrepeat\u00bb max_width_tablet=\u00bb50px\u00bb animation=\u00bboff\u00bb hover_enabled=\u00bb0&#8243; box_shadow_style_image=\u00bbpreset3&#8243; border_style=\u00bbsolid\u00bb title_text=\u00bbsesion-basica-pd\u00bb]<\/p>\n<ul>\n<li style=\"box-sizing: border-box; margin: 0px; padding: 0px; border: 0px; outline: 0px; font-size: 16px; text-size-adjust: 100%; vertical-align: baseline; background: transparent;\">10 fotograf\u00edas tama\u00f1o 15\u00d720 cm<\/li>\n<li style=\"box-sizing: border-box; margin: 0px; padding: 0px; border: 0px; outline: 0px; font-size: 16px; text-size-adjust: 100%; vertical-align: baseline; background: transparent;\">Pendrive con 10 fotos en alta resoluci\u00f3n<\/li>\n<li style=\"box-sizing: border-box; margin: 0px; padding: 0px; border: 0px; outline: 0px; font-size: 16px; text-size-adjust: 100%; vertical-align: baseline; background: transparent;\">Todos los cambios de vesturario que se deseen<\/li>\n<li style=\"box-sizing: border-box; margin: 0px; padding: 0px; border: 0px; outline: 0px; font-size: 16px; text-size-adjust: 100%; vertical-align: baseline; background: transparent;\">Sin l\u00edmite de tiempo.<\/li>\n<li style=\"box-sizing: border-box; margin: 0px; padding: 0px; border: 0px; outline: 0px; font-size: 16px; text-size-adjust: 100%; vertical-align: baseline; background: transparent;\">Se puede realizar en estudio o exterior.<\/li>\n<\/ul>\n<p>[\/et_pb_blurb][\/et_pb_column][et_pb_column type=\u00bb1_3&#8243; module_class=\u00bbcolumna-distribuida\u00bb _builder_version=\u00bb3.25&#8243; custom_padding=\u00bb|||\u00bb custom_padding__hover=\u00bb|||\u00bb][et_pb_blurb title=\u00bbSesi\u00f3n Temporada\u00bb url=\u00bbhttps:\/\/www.fotomundocolor.com\/web1\/producto\/sesion-de-estudio-temporada\/\u00bb image=\u00bbhttps:\/\/www.fotomundocolor.com\/web1\/wp-content\/uploads\/2017\/10\/sesion-temporada-pd.jpg\u00bb alt=\u00bbSesion fotogr\u00e1fica de temporada\u00bb admin_label=\u00bbSesion de temporada\u00bb _builder_version=\u00bb4.4.4&#8243; header_text_align=\u00bbcenter\u00bb body_text_align=\u00bbleft\u00bb body_font_size=\u00bb18&#8243; background_size=\u00bbinitial\u00bb background_position=\u00bbtop_left\u00bb background_repeat=\u00bbrepeat\u00bb max_width_tablet=\u00bb50px\u00bb animation=\u00bboff\u00bb hover_enabled=\u00bb0&#8243; box_shadow_style_image=\u00bbpreset3&#8243; border_style=\u00bbsolid\u00bb saved_tabs=\u00bball\u00bb title_text=\u00bbsesion-temporada-pd\u00bb]<\/p>\n<ul>\n<li style=\"box-sizing: border-box; margin: 0px; padding: 0px; border: 0px; outline: 0px; font-size: 16px; text-size-adjust: 100%; vertical-align: baseline; background: transparent;\">15 recordatorios tama\u00f1o 10\u00d715 cm con 2 dise\u00f1os personalizados.<\/li>\n<li style=\"box-sizing: border-box; margin: 0px; padding: 0px; border: 0px; outline: 0px; font-size: 16px; text-size-adjust: 100%; vertical-align: baseline; background: transparent;\">Pendrive con 10 fotos en alta resoluci\u00f3n.<\/li>\n<li style=\"box-sizing: border-box; margin: 0px; padding: 0px; border: 0px; outline: 0px; font-size: 16px; text-size-adjust: 100%; vertical-align: baseline; background: transparent;\">Se puede realizar en estudio o exterior.<\/li>\n<li style=\"box-sizing: border-box; margin: 0px; padding: 0px; border: 0px; outline: 0px; font-size: 16px; text-size-adjust: 100%; vertical-align: baseline; background: transparent;\">Sin l\u00edmite de tiempo.<\/li>\n<li style=\"box-sizing: border-box; margin: 0px; padding: 0px; border: 0px; outline: 0px; font-size: 16px; text-size-adjust: 100%; vertical-align: baseline; background: transparent;\">Se puede aumentar la cantidad de recordatorios, tama\u00f1os o formatos.<\/li>\n<\/ul>\n<p>[\/et_pb_blurb][\/et_pb_column][et_pb_column type=\u00bb1_3&#8243; module_class=\u00bbcolumna-distribuida\u00bb _builder_version=\u00bb3.25&#8243; custom_padding=\u00bb|||\u00bb custom_padding__hover=\u00bb|||\u00bb][et_pb_blurb title=\u00bbSesi\u00f3n Album\u00bb url=\u00bbhttps:\/\/www.fotomundocolor.com\/web1\/producto\/sesion-de-estudio-album\/\u00bb image=\u00bbhttps:\/\/www.fotomundocolor.com\/web1\/wp-content\/uploads\/2017\/10\/sesion-album-pd.jpg\u00bb alt=\u00bbSesion fotogr\u00e1fica con album personalizado\u00bb admin_label=\u00bbSesion album\u00bb _builder_version=\u00bb4.4.4&#8243; header_text_align=\u00bbcenter\u00bb body_text_align=\u00bbleft\u00bb body_font_size=\u00bb18&#8243; background_size=\u00bbinitial\u00bb background_position=\u00bbtop_left\u00bb background_repeat=\u00bbrepeat\u00bb max_width_tablet=\u00bb50px\u00bb animation=\u00bboff\u00bb hover_enabled=\u00bb0&#8243; border_style_all=\u00bbsolid\u00bb box_shadow_style_image=\u00bbpreset3&#8243; border_style=\u00bbsolid\u00bb title_text=\u00bbsesion-album-pd\u00bb]<\/p>\n<ul>\n<li style=\"box-sizing: border-box; margin: 0px; padding: 0px; border: 0px; outline: 0px; font-size: 16px; text-size-adjust: 100%; vertical-align: baseline; background: transparent;\">Album 25\u00d725 cm de 20 p\u00e1ginas con tapas r\u00edgidas y encuadernado a mano.<\/li>\n<li style=\"box-sizing: border-box; margin: 0px; padding: 0px; border: 0px; outline: 0px; font-size: 16px; text-size-adjust: 100%; vertical-align: baseline; background: transparent;\">Pendrive con 21 fotos en alta resoluci\u00f3n.<\/li>\n<li style=\"box-sizing: border-box; margin: 0px; padding: 0px; border: 0px; outline: 0px; font-size: 16px; text-size-adjust: 100%; vertical-align: baseline; background: transparent;\">Todos los cambios de vesturario que se deseen.<\/li>\n<li style=\"box-sizing: border-box; margin: 0px; padding: 0px; border: 0px; outline: 0px; font-size: 16px; text-size-adjust: 100%; vertical-align: baseline; background: transparent;\">Sin l\u00edmite de tiempo.<\/li>\n<li style=\"box-sizing: border-box; margin: 0px; padding: 0px; border: 0px; outline: 0px; font-size: 16px; text-size-adjust: 100%; vertical-align: baseline; background: transparent;\">Se puede realizar en estudio o exterior.<\/li>\n<li style=\"box-sizing: border-box; margin: 0px; padding: 0px; border: 0px; outline: 0px; font-size: 16px; text-size-adjust: 100%; vertical-align: baseline; background: transparent;\">Puede incluir sin recargo de precio el dise\u00f1o de tarjetas recordatorio.<\/li>\n<\/ul>\n<p>[\/et_pb_blurb][\/et_pb_column][\/et_pb_row][\/et_pb_section]<\/p>\n","protected":false},"excerpt":{"rendered":"<p>[et_pb_section fb_built=\u00bb1&#8243; custom_padding_last_edited=\u00bbon|desktop\u00bb admin_label=\u00bbsection\u00bb _builder_version=\u00bb3.22&#8243; background_image=\u00bbhttps:\/\/www.fotomundocolor.com\/web1\/wp-content\/uploads\/2017\/09\/cabecera-estudio0.jpg\u00bb custom_padding_tablet=\u00bb50px|0|50px|0&#8243; custom_padding_phone=\u00bb\u00bb padding_mobile=\u00bboff\u00bb custom_width_percent=\u00bb80px\u00bb][et_pb_row column_padding_mobile=\u00bbon\u00bb admin_label=\u00bbrow\u00bb _builder_version=\u00bb3.25&#8243; background_size=\u00bbinitial\u00bb background_position=\u00bbtop_left\u00bb background_repeat=\u00bbrepeat\u00bb custom_padding=\u00bb65px|0px|65px|0px\u00bb make_fullwidth=\u00bboff\u00bb use_custom_width=\u00bboff\u00bb width_unit=\u00bboff\u00bb][et_pb_column type=\u00bb4_4&#8243; _builder_version=\u00bb3.25&#8243; custom_padding=\u00bb|||\u00bb custom_padding__hover=\u00bb|||\u00bb][et_pb_text admin_label=\u00bbTexto titulo sesion fotografica\u00bb _builder_version=\u00bb3.27.4&#8243; text_letter_spacing=\u00bb0&#8243; text_line_height=\u00bb1.7&#8243; header_font=\u00bb|on||on|\u00bb header_font_size=\u00bb40&#8243; header_letter_spacing=\u00bb0&#8243; header_line_height=\u00bb1&#8243; background_size=\u00bbinitial\u00bb background_position=\u00bbtop_left\u00bb background_repeat=\u00bbrepeat\u00bb text_orientation=\u00bbcenter\u00bb background_layout=\u00bbdark\u00bb module_alignment=\u00bbcenter\u00bb border_width=\u00bb1&#8243; border_style=\u00bbsolid\u00bb] Sesiones fotogr\u00e1ficas [\/et_pb_text][et_pb_divider color=\u00bb#0c71c3&#8243; divider_weight=\u00bb5px\u00bb _builder_version=\u00bb3.2&#8243; custom_css_main_element=\u00bbwidth:150px;||margin: 0 auto;\u00bb hide_on_mobile=\u00bboff\u00bb][\/et_pb_divider][\/et_pb_column][\/et_pb_row][\/et_pb_section][et_pb_section fb_built=\u00bb1&#8243; _builder_version=\u00bb3.22&#8243; [&hellip;]<\/p>\n","protected":false},"author":1,"featured_media":0,"parent":0,"menu_order":0,"comment_status":"closed","ping_status":"closed","template":"","meta":{"_et_pb_use_builder":"on","_et_pb_old_content":"","_et_gb_content_width":""},"_links":{"self":[{"href":"https:\/\/www.fotomundocolor.com\/web1\/wp-json\/wp\/v2\/pages\/886"}],"collection":[{"href":"https:\/\/www.fotomundocolor.com\/web1\/wp-json\/wp\/v2\/pages"}],"about":[{"href":"https:\/\/www.fotomundocolor.com\/web1\/wp-json\/wp\/v2\/types\/page"}],"author":[{"embeddable":true,"href":"https:\/\/www.fotomundocolor.com\/web1\/wp-json\/wp\/v2\/users\/1"}],"replies":[{"embeddable":true,"href":"https:\/\/www.fotomundocolor.com\/web1\/wp-json\/wp\/v2\/comments?post=886"}],"version-history":[{"count":4,"href":"https:\/\/www.fotomundocolor.com\/web1\/wp-json\/wp\/v2\/pages\/886\/revisions"}],"predecessor-version":[{"id":4821,"href":"https:\/\/www.fotomundocolor.com\/web1\/wp-json\/wp\/v2\/pages\/886\/revisions\/4821"}],"wp:attachment":[{"href":"https:\/\/www.fotomundocolor.com\/web1\/wp-json\/wp\/v2\/media?parent=886"}],"curies":[{"name":"wp","href":"https:\/\/api.w.org\/{rel}","templated":true}]}}