{"id":112,"date":"2016-11-06T13:46:27","date_gmt":"2016-11-06T13:46:27","guid":{"rendered":"https:\/\/www.fotomundocolor.com\/web1\/?post_type=product&#038;p=112"},"modified":"2025-12-31T01:44:34","modified_gmt":"2025-12-31T01:44:34","slug":"taza-personalizada","status":"publish","type":"product","link":"https:\/\/www.fotomundocolor.com\/web1\/producto\/taza-personalizada\/","title":{"rendered":"Taza personalizada"},"content":{"rendered":"<p>Taza de porcelana con recubrimiento de alta calidad para personalizar con su im\u00e1gen favorita. Sus im\u00e1genes m\u00e1s entra\u00f1ables le acompa\u00f1aran en cualquier momento del d\u00eda.<\/p>\n","protected":false},"excerpt":{"rendered":"<ul>\n<li><span style=\"font-family: Arial,Helvetica,sans-serif; font-size: small;\">Taza de porcelana personalizable.<\/span><\/li>\n<li><span style=\"font-family: Arial,Helvetica,sans-serif; font-size: small;\"> Area de impresi\u00f3n de 9,6&#215;8 cm.<\/span><\/li>\n<li><span style=\"font-family: Arial,Helvetica,sans-serif; font-size: small;\">Color Balnco.<\/span><\/li>\n<li><span style=\"font-family: Arial,Helvetica,sans-serif; font-size: small;\">Resistente al<\/span> <span style=\"font-family: Arial,Helvetica,sans-serif; font-size: small;\">lavavajillas y al microondas.<\/span><\/li>\n<\/ul>\n","protected":false},"featured_media":113,"comment_status":"open","ping_status":"closed","template":"","meta":{"_et_pb_use_builder":"","_et_pb_old_content":"","_et_gb_content_width":""},"_links":{"self":[{"href":"https:\/\/www.fotomundocolor.com\/web1\/wp-json\/wp\/v2\/product\/112"}],"collection":[{"href":"https:\/\/www.fotomundocolor.com\/web1\/wp-json\/wp\/v2\/product"}],"about":[{"href":"https:\/\/www.fotomundocolor.com\/web1\/wp-json\/wp\/v2\/types\/product"}],"replies":[{"embeddable":true,"href":"https:\/\/www.fotomundocolor.com\/web1\/wp-json\/wp\/v2\/comments?post=112"}],"wp:featuredmedia":[{"embeddable":true,"href":"https:\/\/www.fotomundocolor.com\/web1\/wp-json\/wp\/v2\/media\/113"}],"wp:attachment":[{"href":"https:\/\/www.fotomundocolor.com\/web1\/wp-json\/wp\/v2\/media?parent=112"}],"curies":[{"name":"wp","href":"https:\/\/api.w.org\/{rel}","templated":true}]}}