{"id":1414,"date":"2018-05-04T09:50:48","date_gmt":"2018-05-04T09:50:48","guid":{"rendered":"https:\/\/www.fotomundocolor.com\/web1\/?post_type=product&#038;p=1414"},"modified":"2024-04-17T09:14:19","modified_gmt":"2024-04-17T09:14:19","slug":"foto-pizarra-30x30","status":"publish","type":"product","link":"https:\/\/www.fotomundocolor.com\/web1\/producto\/foto-pizarra-30x30\/","title":{"rendered":"Foto Pizarra 30&#215;30"},"content":{"rendered":"<div class=\"product-description\">\n<div class=\"description\">\n<p>Nuestra foto pizarra combina una impresi\u00f3n de alta calidad y resistencia con un elemento de piedra natural de pizarra que ofrece unas texturas diferentes y originales. Se puede personalizar con texto y sus im\u00e1genes favoritas con Impresi\u00f3n fotogr\u00e1fica de alta calidad en un tama\u00f1o aproximado de 30&#215;30 cm..<\/p>\n<\/div>\n<\/div>\n","protected":false},"excerpt":{"rendered":"<ul>\n<li>Pizarra natural negra.<\/li>\n<li>Tama\u00f1o 30&#215;30 cm.<\/li>\n<li>Superficie con textura natural y bordes cuarteados.<\/li>\n<li>Impresi\u00f3n fotogr\u00e1fica de alta calidad en un \u00e1rea de ~20&#215;30 cm.<\/li>\n<\/ul>\n","protected":false},"featured_media":1404,"comment_status":"open","ping_status":"closed","template":"","meta":{"_et_pb_use_builder":"","_et_pb_old_content":"","_et_gb_content_width":""},"_links":{"self":[{"href":"https:\/\/www.fotomundocolor.com\/web1\/wp-json\/wp\/v2\/product\/1414"}],"collection":[{"href":"https:\/\/www.fotomundocolor.com\/web1\/wp-json\/wp\/v2\/product"}],"about":[{"href":"https:\/\/www.fotomundocolor.com\/web1\/wp-json\/wp\/v2\/types\/product"}],"replies":[{"embeddable":true,"href":"https:\/\/www.fotomundocolor.com\/web1\/wp-json\/wp\/v2\/comments?post=1414"}],"wp:featuredmedia":[{"embeddable":true,"href":"https:\/\/www.fotomundocolor.com\/web1\/wp-json\/wp\/v2\/media\/1404"}],"wp:attachment":[{"href":"https:\/\/www.fotomundocolor.com\/web1\/wp-json\/wp\/v2\/media?parent=1414"}],"curies":[{"name":"wp","href":"https:\/\/api.w.org\/{rel}","templated":true}]}}