{"id":1415,"date":"2018-05-04T09:53:23","date_gmt":"2018-05-04T09:53:23","guid":{"rendered":"https:\/\/www.fotomundocolor.com\/web1\/?post_type=product&#038;p=1415"},"modified":"2025-03-23T12:06:55","modified_gmt":"2025-03-23T12:06:55","slug":"foto-pizarra-30x40","status":"publish","type":"product","link":"https:\/\/www.fotomundocolor.com\/web1\/producto\/foto-pizarra-30x40\/","title":{"rendered":"Foto Pizarra 30&#215;40"},"content":{"rendered":"<div class=\"product-description\">\n<div class=\"description\">\n<p>Nuestra foto pizarra combina una impresi\u00f3n de alta calidad y resistencia con un elemento de piedra natural de pizarra que ofrece unas texturas diferentes y originales. Se puede personalizar con texto y sus im\u00e1genes favoritas con Impresi\u00f3n fotogr\u00e1fica de alta calidad en un tama\u00f1o aproximado de 30&#215;40 cm..<\/p>\n<\/div>\n<\/div>\n","protected":false},"excerpt":{"rendered":"<ul>\n<li>Pizarra natural negra.<\/li>\n<li>Tama\u00f1o 30&#215;40 cm.<\/li>\n<li>Superficie con textura natural y bordes cuarteados.<\/li>\n<li>Impresi\u00f3n fotogr\u00e1fica de alta calidad en un \u00e1rea de ~30&#215;40 cm.<\/li>\n<\/ul>\n","protected":false},"featured_media":3293,"comment_status":"open","ping_status":"closed","template":"","meta":{"_et_pb_use_builder":"","_et_pb_old_content":"","_et_gb_content_width":""},"_links":{"self":[{"href":"https:\/\/www.fotomundocolor.com\/web1\/wp-json\/wp\/v2\/product\/1415"}],"collection":[{"href":"https:\/\/www.fotomundocolor.com\/web1\/wp-json\/wp\/v2\/product"}],"about":[{"href":"https:\/\/www.fotomundocolor.com\/web1\/wp-json\/wp\/v2\/types\/product"}],"replies":[{"embeddable":true,"href":"https:\/\/www.fotomundocolor.com\/web1\/wp-json\/wp\/v2\/comments?post=1415"}],"wp:featuredmedia":[{"embeddable":true,"href":"https:\/\/www.fotomundocolor.com\/web1\/wp-json\/wp\/v2\/media\/3293"}],"wp:attachment":[{"href":"https:\/\/www.fotomundocolor.com\/web1\/wp-json\/wp\/v2\/media?parent=1415"}],"curies":[{"name":"wp","href":"https:\/\/api.w.org\/{rel}","templated":true}]}}