{"id":1419,"date":"2018-05-04T13:20:45","date_gmt":"2018-05-04T13:20:45","guid":{"rendered":"https:\/\/www.fotomundocolor.com\/web1\/?post_type=product&#038;p=1419"},"modified":"2024-06-10T21:57:03","modified_gmt":"2024-06-10T21:57:03","slug":"azulejo-15x20","status":"publish","type":"product","link":"https:\/\/www.fotomundocolor.com\/web1\/producto\/azulejo-15x20\/","title":{"rendered":"Azulejo 15&#215;20"},"content":{"rendered":"<p>El azulejo de cer\u00e1mica tama\u00f1o 15&#215;20 cm se puede personalizar con texto e im\u00e1genes y su acabado brillante realza las im\u00e1genes dando resultados espectaculares. Tiene una alta durabilidad y resistencia y adem\u00e1s puede dise\u00f1ar varios y hacer mosaicos impresionantes. Se imprime con calidad fotogr\u00e1fica en \u00e1rea aproximada de 15&#215;20 cm.<\/p>\n","protected":false},"excerpt":{"rendered":"<ul>\n<li>Azulejo de Cer\u00e1mica.<\/li>\n<li>Tama\u00f1o 15&#215;20 cm.<\/li>\n<li>Superficie con acabado brillante.<\/li>\n<li>Impresi\u00f3n fotogr\u00e1fica de alta calidad en un \u00e1rea de ~15&#215;20 cm.<\/li>\n<li>Se pueden combinar para hacer mosaicos.<\/li>\n<\/ul>\n","protected":false},"featured_media":1417,"comment_status":"open","ping_status":"closed","template":"","meta":{"_et_pb_use_builder":"","_et_pb_old_content":"","_et_gb_content_width":""},"_links":{"self":[{"href":"https:\/\/www.fotomundocolor.com\/web1\/wp-json\/wp\/v2\/product\/1419"}],"collection":[{"href":"https:\/\/www.fotomundocolor.com\/web1\/wp-json\/wp\/v2\/product"}],"about":[{"href":"https:\/\/www.fotomundocolor.com\/web1\/wp-json\/wp\/v2\/types\/product"}],"replies":[{"embeddable":true,"href":"https:\/\/www.fotomundocolor.com\/web1\/wp-json\/wp\/v2\/comments?post=1419"}],"wp:featuredmedia":[{"embeddable":true,"href":"https:\/\/www.fotomundocolor.com\/web1\/wp-json\/wp\/v2\/media\/1417"}],"wp:attachment":[{"href":"https:\/\/www.fotomundocolor.com\/web1\/wp-json\/wp\/v2\/media?parent=1419"}],"curies":[{"name":"wp","href":"https:\/\/api.w.org\/{rel}","templated":true}]}}