{"id":1711,"date":"2018-10-19T13:23:48","date_gmt":"2018-10-19T13:23:48","guid":{"rendered":"https:\/\/www.fotomundocolor.com\/web1\/?post_type=product&#038;p=1711"},"modified":"2023-02-22T23:29:36","modified_gmt":"2023-02-22T23:29:36","slug":"reloj-de-pared-20x40","status":"publish","type":"product","link":"https:\/\/www.fotomundocolor.com\/web1\/producto\/reloj-de-pared-20x40\/","title":{"rendered":"Reloj de pared 20&#215;40"},"content":{"rendered":"<p>Un elegante reloj de pared para decorar cualquier estancia. Personalizable con im\u00e1genes y texto e impreso con alta calidad en tama\u00f1o 20&#215;40 cm y con moldura de aluminio.<\/p>\n","protected":false},"excerpt":{"rendered":"<ul>\n<li>Reloj de pared.<\/li>\n<li>Moldura de aluminio.<\/li>\n<li>Tama\u00f1o 20&#215;40 cm.<\/li>\n<li>Superficie con acabado brillante y laminado.<\/li>\n<li>Impresi\u00f3n fotogr\u00e1fica de alta calidad en un \u00e1rea de ~20&#215;40 cm.<\/li>\n<li>Funciona con una pila AA.<\/li>\n<\/ul>\n","protected":false},"featured_media":1716,"comment_status":"open","ping_status":"closed","template":"","meta":{"_et_pb_use_builder":"","_et_pb_old_content":"","_et_gb_content_width":""},"_links":{"self":[{"href":"https:\/\/www.fotomundocolor.com\/web1\/wp-json\/wp\/v2\/product\/1711"}],"collection":[{"href":"https:\/\/www.fotomundocolor.com\/web1\/wp-json\/wp\/v2\/product"}],"about":[{"href":"https:\/\/www.fotomundocolor.com\/web1\/wp-json\/wp\/v2\/types\/product"}],"replies":[{"embeddable":true,"href":"https:\/\/www.fotomundocolor.com\/web1\/wp-json\/wp\/v2\/comments?post=1711"}],"wp:featuredmedia":[{"embeddable":true,"href":"https:\/\/www.fotomundocolor.com\/web1\/wp-json\/wp\/v2\/media\/1716"}],"wp:attachment":[{"href":"https:\/\/www.fotomundocolor.com\/web1\/wp-json\/wp\/v2\/media?parent=1711"}],"curies":[{"name":"wp","href":"https:\/\/api.w.org\/{rel}","templated":true}]}}