{"id":2510,"date":"2019-12-03T16:29:16","date_gmt":"2019-12-03T16:29:16","guid":{"rendered":"https:\/\/www.fotomundocolor.com\/web1\/?post_type=product&#038;p=2510"},"modified":"2025-12-17T15:57:15","modified_gmt":"2025-12-17T15:57:15","slug":"foto-cubo-giratorio-giratorio-10x10-cm","status":"publish","type":"product","link":"https:\/\/www.fotomundocolor.com\/web1\/producto\/foto-cubo-giratorio-giratorio-10x10-cm\/","title":{"rendered":"Foto Cubo giratorio 10&#215;10 cm"},"content":{"rendered":"<div class=\"product-description\">\n<div class=\"description\">\n<p>Foto Cubo giratorio, seis caras para personalizar con texto y su im\u00e1gen favorita. El Foto Cubo sirve de marco de seis im\u00e1genes y con su motor silencioso hace que gire lentamente mostrando todas sus caras personalizadas, esto hace de \u00e9l una opci\u00f3n original e innovadora para mostrar varias fotos en un reducido espacio, en casa o en la oficina el Foto Cubo mostrar\u00e1 sus im\u00e1genes m\u00e1s entra\u00f1ables . Seis impresiones de 10&#215;10 cm de calidad fotogr\u00e1fica.<\/p>\n<\/div>\n<\/div>\n","protected":false},"excerpt":{"rendered":"<ul>\n<li>Hecho de pl\u00e1stico.<\/li>\n<li>Seis caras tama\u00f1o 10&#215;10 cm .<\/li>\n<li>Motor silencioso que rota 360\u00ba.<\/li>\n<li>1 Pila AA inclu\u00edda.<\/li>\n<li>Impresi\u00f3n de calidad fotogr\u00e1fica.<\/li>\n<\/ul>\n","protected":false},"featured_media":2511,"comment_status":"closed","ping_status":"closed","template":"","meta":{"_et_pb_use_builder":"","_et_pb_old_content":"","_et_gb_content_width":""},"_links":{"self":[{"href":"https:\/\/www.fotomundocolor.com\/web1\/wp-json\/wp\/v2\/product\/2510"}],"collection":[{"href":"https:\/\/www.fotomundocolor.com\/web1\/wp-json\/wp\/v2\/product"}],"about":[{"href":"https:\/\/www.fotomundocolor.com\/web1\/wp-json\/wp\/v2\/types\/product"}],"replies":[{"embeddable":true,"href":"https:\/\/www.fotomundocolor.com\/web1\/wp-json\/wp\/v2\/comments?post=2510"}],"wp:featuredmedia":[{"embeddable":true,"href":"https:\/\/www.fotomundocolor.com\/web1\/wp-json\/wp\/v2\/media\/2511"}],"wp:attachment":[{"href":"https:\/\/www.fotomundocolor.com\/web1\/wp-json\/wp\/v2\/media?parent=2510"}],"curies":[{"name":"wp","href":"https:\/\/api.w.org\/{rel}","templated":true}]}}