{"id":303,"date":"2016-12-22T12:45:31","date_gmt":"2016-12-22T12:45:31","guid":{"rendered":"https:\/\/www.fotomundocolor.com\/web1\/?post_type=product&#038;p=303"},"modified":"2024-07-02T18:48:39","modified_gmt":"2024-07-02T18:48:39","slug":"alfombrilla-de-raton","status":"publish","type":"product","link":"https:\/\/www.fotomundocolor.com\/web1\/producto\/alfombrilla-de-raton\/","title":{"rendered":"Alfombrilla  de rat\u00f3n"},"content":{"rendered":"<div class=\"page\">\n<div class=\"main\">\n<div class=\"info-text info-home\">\n<div class=\"right\">\n<ul>\n<li>Superficie en microfibra<\/li>\n<li>Trasera antideslizante<\/li>\n<li>Foto de Alta Calidad con colores brillantes<\/li>\n<li>Tama\u00f1o 19&#215;23 cm<\/li>\n<\/ul>\n<\/div>\n<\/div>\n<\/div>\n<\/div>\n<p>&nbsp;<\/p>\n","protected":false},"excerpt":{"rendered":"<p>Alfombrilla\u00a0 de rat\u00f3n personalizable con base antideslizante. Una oportunidad para hacer un regalo con las im\u00e1genes de sus seres queridos que le acompa\u00f1ar\u00e1n durante las largas horas de trabajo.<\/p>\n","protected":false},"featured_media":315,"comment_status":"open","ping_status":"closed","template":"","meta":{"_et_pb_use_builder":"","_et_pb_old_content":"","_et_gb_content_width":""},"_links":{"self":[{"href":"https:\/\/www.fotomundocolor.com\/web1\/wp-json\/wp\/v2\/product\/303"}],"collection":[{"href":"https:\/\/www.fotomundocolor.com\/web1\/wp-json\/wp\/v2\/product"}],"about":[{"href":"https:\/\/www.fotomundocolor.com\/web1\/wp-json\/wp\/v2\/types\/product"}],"replies":[{"embeddable":true,"href":"https:\/\/www.fotomundocolor.com\/web1\/wp-json\/wp\/v2\/comments?post=303"}],"wp:featuredmedia":[{"embeddable":true,"href":"https:\/\/www.fotomundocolor.com\/web1\/wp-json\/wp\/v2\/media\/315"}],"wp:attachment":[{"href":"https:\/\/www.fotomundocolor.com\/web1\/wp-json\/wp\/v2\/media?parent=303"}],"curies":[{"name":"wp","href":"https:\/\/api.w.org\/{rel}","templated":true}]}}