{"id":3127,"date":"2020-04-28T19:31:15","date_gmt":"2020-04-28T19:31:15","guid":{"rendered":"https:\/\/www.fotomundocolor.com\/web1\/?post_type=product&#038;p=3127"},"modified":"2022-01-18T11:52:59","modified_gmt":"2022-01-18T11:52:59","slug":"sesion-de-estudio-te-quiero-mama","status":"publish","type":"product","link":"https:\/\/www.fotomundocolor.com\/web1\/producto\/sesion-de-estudio-te-quiero-mama\/","title":{"rendered":"Sesi\u00f3n de estudio Te Quiero Mam\u00e1"},"content":{"rendered":"<p>Haz un regalo muy especial a Mam\u00e1 para toda la vida. Reportaje de estudio para las personas m\u00e1s importantes de nuestras vidas.<\/p>\n","protected":false},"excerpt":{"rendered":"<p>La sesi\u00f3n incluye<\/p>\n<ul>\n<li>Una ampliaci\u00f3n en papel fotogr\u00e1fico tama\u00f1o 30&#215;45 cm de la foto que m\u00e1s te guste.<\/li>\n<li>10 fotograf\u00edas tama\u00f1o 15&#215;20 cm<\/li>\n<li>CD con 10 fotos en alta resoluci\u00f3n<\/li>\n<li>Todos los cambios de vesturario que se deseen<\/li>\n<li>Sin l\u00edmite de tiempo.<\/li>\n<li>Se puede realizar en estudio o exterior.<\/li>\n<\/ul>\n","protected":false},"featured_media":3128,"comment_status":"open","ping_status":"closed","template":"","meta":{"_et_pb_use_builder":"on","_et_pb_old_content":"Haz un regalo muy especial a Mam\u00e1 para toda la vida. Reportaje de estudio para las personas m\u00e1s importantes de nuestras vidas.","_et_gb_content_width":""},"_links":{"self":[{"href":"https:\/\/www.fotomundocolor.com\/web1\/wp-json\/wp\/v2\/product\/3127"}],"collection":[{"href":"https:\/\/www.fotomundocolor.com\/web1\/wp-json\/wp\/v2\/product"}],"about":[{"href":"https:\/\/www.fotomundocolor.com\/web1\/wp-json\/wp\/v2\/types\/product"}],"replies":[{"embeddable":true,"href":"https:\/\/www.fotomundocolor.com\/web1\/wp-json\/wp\/v2\/comments?post=3127"}],"wp:featuredmedia":[{"embeddable":true,"href":"https:\/\/www.fotomundocolor.com\/web1\/wp-json\/wp\/v2\/media\/3128"}],"wp:attachment":[{"href":"https:\/\/www.fotomundocolor.com\/web1\/wp-json\/wp\/v2\/media?parent=3127"}],"curies":[{"name":"wp","href":"https:\/\/api.w.org\/{rel}","templated":true}]}}