{"id":438,"date":"2017-03-07T12:59:15","date_gmt":"2017-03-07T12:59:15","guid":{"rendered":"https:\/\/www.fotomundocolor.com\/web1\/producto\/lapicero-premium-personalizado\/"},"modified":"2022-03-30T16:33:58","modified_gmt":"2022-03-30T16:33:58","slug":"lapicero-premium-personalizado","status":"publish","type":"product","link":"https:\/\/www.fotomundocolor.com\/web1\/producto\/lapicero-premium-personalizado\/","title":{"rendered":"Lapicero Premium personalizado"},"content":{"rendered":"<div class=\"std\">\n<p>Lapicero personalizado\u00a0 de cer\u00e1mica con recubrimiento de alta calidad para personalizar con su im\u00e1gen favorita. La impresi\u00f3n a doble ancho abarca casi la totalidad de la circunferencia. Sus im\u00e1genes m\u00e1s entra\u00f1ables le acompa\u00f1aran en casa o la oficina en cualquier momento del d\u00eda.<\/p>\n<p><!-- [if lt IE 9]>\n<script src=\"https:\/\/www.fotomundocolor.com\/web1\/wp-content\/themes\/Divi\/js\/html5.js\" type=\"text\/javascript\"><\/script>\n<![endif]--><\/p>\n<div id=\"page-container\" class=\"et-animated-content\">\n<div id=\"et-main-area\">\n<div id=\"main-content\">\n<div class=\"container\">\n<div id=\"content-area\" class=\"clearfix\">\n<div id=\"left-area\">\n<div id=\"product-426\" class=\"post-426 product type-product status-publish has-post-thumbnail product_cat-regalos-con-foto product_cat-tazas-y-jarras first instock shipping-taxable purchasable product-type-simple\">\n<div class=\"woocommerce-tabs wc-tabs-wrapper\">\n<div id=\"tab-description\" class=\"woocommerce-Tabs-panel woocommerce-Tabs-panel--description panel entry-content wc-tab\">\n<p>&nbsp;<\/p>\n<\/div>\n<\/div>\n<\/div>\n<\/div>\n<\/div>\n<\/div>\n<\/div>\n<\/div>\n<\/div>\n<\/div>\n","protected":false},"excerpt":{"rendered":"<ul>\n<li>Lapicero de cer\u00e1mica personalizable<\/li>\n<li>Area de impresi\u00f3n de 18,0&#215;8,5 cm<\/li>\n<li>Color blanco<\/li>\n<li>Excelente durabilidad y resistencia a rayaduras.<\/li>\n<\/ul>\n","protected":false},"featured_media":439,"comment_status":"open","ping_status":"closed","template":"","meta":{"_et_pb_use_builder":"","_et_pb_old_content":"","_et_gb_content_width":""},"_links":{"self":[{"href":"https:\/\/www.fotomundocolor.com\/web1\/wp-json\/wp\/v2\/product\/438"}],"collection":[{"href":"https:\/\/www.fotomundocolor.com\/web1\/wp-json\/wp\/v2\/product"}],"about":[{"href":"https:\/\/www.fotomundocolor.com\/web1\/wp-json\/wp\/v2\/types\/product"}],"replies":[{"embeddable":true,"href":"https:\/\/www.fotomundocolor.com\/web1\/wp-json\/wp\/v2\/comments?post=438"}],"wp:featuredmedia":[{"embeddable":true,"href":"https:\/\/www.fotomundocolor.com\/web1\/wp-json\/wp\/v2\/media\/439"}],"wp:attachment":[{"href":"https:\/\/www.fotomundocolor.com\/web1\/wp-json\/wp\/v2\/media?parent=438"}],"curies":[{"name":"wp","href":"https:\/\/api.w.org\/{rel}","templated":true}]}}