{"id":559,"date":"2017-03-15T12:32:12","date_gmt":"2017-03-15T12:32:12","guid":{"rendered":"https:\/\/www.fotomundocolor.com\/web1\/producto\/bolsa-blanca-con-asa\/"},"modified":"2024-07-09T19:21:23","modified_gmt":"2024-07-09T19:21:23","slug":"bolsa-blanca-con-asa","status":"publish","type":"product","link":"https:\/\/www.fotomundocolor.com\/web1\/producto\/bolsa-blanca-con-asa\/","title":{"rendered":"Bolsa blanca con asa"},"content":{"rendered":"<div class=\"std\">\n<p>Bolsa blanca con asa tama\u00f1o 31&#215;38 cm. Ayude al medioambiente olvidando las bolsas pl\u00e1sticas y utilizando nuestra bolsa con asas de poliester totalmente personalizada. Ideal para la compra diaria. Podr\u00e1s personalizar la bolsa a una cara con fotos y textos.<\/p>\n<p><!-- [if lt IE 9]>\n<script src=\"https:\/\/www.fotomundocolor.com\/web1\/wp-content\/themes\/Divi\/js\/html5.js\" type=\"text\/javascript\"><\/script>\n<![endif]--><\/p>\n<div id=\"page-container\" class=\"et-animated-content\">\n<div id=\"et-main-area\">\n<div id=\"main-content\">\n<div class=\"container\">\n<div id=\"content-area\" class=\"clearfix\">\n<div id=\"left-area\">\n<div id=\"product-426\" class=\"post-426 product type-product status-publish has-post-thumbnail product_cat-regalos-con-foto product_cat-tazas-y-jarras first instock shipping-taxable purchasable product-type-simple\">\n<div class=\"woocommerce-tabs wc-tabs-wrapper\">\n<div id=\"tab-description\" class=\"woocommerce-Tabs-panel woocommerce-Tabs-panel--description panel entry-content wc-tab\">\n<p>&nbsp;<\/p>\n<\/div>\n<\/div>\n<\/div>\n<\/div>\n<\/div>\n<\/div>\n<\/div>\n<\/div>\n<\/div>\n<\/div>\n","protected":false},"excerpt":{"rendered":"<ul>\n<li>Acabado en poliester.<\/li>\n<li>Tama\u00f1o de 31&#215;38 cm.<\/li>\n<li>Color Blanco.<\/li>\n<li>Impresi\u00f3n de alta calidad.<\/li>\n<li>Impresi\u00f3n de 23&#215;31 cm.<\/li>\n<\/ul>\n","protected":false},"featured_media":562,"comment_status":"open","ping_status":"closed","template":"","meta":{"_et_pb_use_builder":"","_et_pb_old_content":"","_et_gb_content_width":""},"_links":{"self":[{"href":"https:\/\/www.fotomundocolor.com\/web1\/wp-json\/wp\/v2\/product\/559"}],"collection":[{"href":"https:\/\/www.fotomundocolor.com\/web1\/wp-json\/wp\/v2\/product"}],"about":[{"href":"https:\/\/www.fotomundocolor.com\/web1\/wp-json\/wp\/v2\/types\/product"}],"replies":[{"embeddable":true,"href":"https:\/\/www.fotomundocolor.com\/web1\/wp-json\/wp\/v2\/comments?post=559"}],"wp:featuredmedia":[{"embeddable":true,"href":"https:\/\/www.fotomundocolor.com\/web1\/wp-json\/wp\/v2\/media\/562"}],"wp:attachment":[{"href":"https:\/\/www.fotomundocolor.com\/web1\/wp-json\/wp\/v2\/media?parent=559"}],"curies":[{"name":"wp","href":"https:\/\/api.w.org\/{rel}","templated":true}]}}