{"id":620,"date":"2017-03-24T09:35:47","date_gmt":"2017-03-24T09:35:47","guid":{"rendered":"https:\/\/www.fotomundocolor.com\/web1\/producto\/delantal-blanco\/"},"modified":"2025-04-11T22:04:30","modified_gmt":"2025-04-11T22:04:30","slug":"delantal-blanco","status":"publish","type":"product","link":"https:\/\/www.fotomundocolor.com\/web1\/producto\/delantal-blanco\/","title":{"rendered":"Delantal blanco"},"content":{"rendered":"<div class=\"product-description\">\n<div class=\"description\">\n<p>Delantal blanco satinado de 84&#215;63 cm con hebilla de sujeccion e impresi\u00f3n de alta calidad. Convierta la cocina en un acto divertido personalizando este delantal con sus propios dise\u00f1os o sus fotograf\u00edas. El delantal tiene alta resistencia a lavados y su area de impresi\u00f3n es de 30&#215;40 cm.<\/p>\n<\/div>\n<\/div>\n<p>&nbsp;<\/p>\n","protected":false},"excerpt":{"rendered":"<ul>\n<li>Hecho en poliester satinado.<\/li>\n<li>Tama\u00f1o 84&#215;63 cm de color blanco.<\/li>\n<li>Lavable tanto a mano como a m\u00e1quina<\/li>\n<li>Alta resistencia a los lavados.<\/li>\n<li>Hebilla de sujeccion.<\/li>\n<li>Impresi\u00f3n de alta calidad en un area de 30&#215;40 cm.<\/li>\n<\/ul>\n","protected":false},"featured_media":621,"comment_status":"open","ping_status":"closed","template":"","meta":{"_et_pb_use_builder":"","_et_pb_old_content":"","_et_gb_content_width":""},"_links":{"self":[{"href":"https:\/\/www.fotomundocolor.com\/web1\/wp-json\/wp\/v2\/product\/620"}],"collection":[{"href":"https:\/\/www.fotomundocolor.com\/web1\/wp-json\/wp\/v2\/product"}],"about":[{"href":"https:\/\/www.fotomundocolor.com\/web1\/wp-json\/wp\/v2\/types\/product"}],"replies":[{"embeddable":true,"href":"https:\/\/www.fotomundocolor.com\/web1\/wp-json\/wp\/v2\/comments?post=620"}],"wp:featuredmedia":[{"embeddable":true,"href":"https:\/\/www.fotomundocolor.com\/web1\/wp-json\/wp\/v2\/media\/621"}],"wp:attachment":[{"href":"https:\/\/www.fotomundocolor.com\/web1\/wp-json\/wp\/v2\/media?parent=620"}],"curies":[{"name":"wp","href":"https:\/\/api.w.org\/{rel}","templated":true}]}}