{"id":641,"date":"2017-03-24T13:24:45","date_gmt":"2017-03-24T13:24:45","guid":{"rendered":"https:\/\/www.fotomundocolor.com\/web1\/producto\/bolsa-almuerzo-merienda-2-caras\/"},"modified":"2025-06-30T20:45:49","modified_gmt":"2025-06-30T20:45:49","slug":"bolsa-almuerzo-merienda-2-caras","status":"publish","type":"product","link":"https:\/\/www.fotomundocolor.com\/web1\/producto\/bolsa-almuerzo-merienda-2-caras\/","title":{"rendered":"Bolsa almuerzo-merienda 2 caras"},"content":{"rendered":"<div class=\"product-description\">\n<div class=\"description\">\n<p>Bolsa de poliester blanco impresa en ambas caras . Para que los m\u00e1s peque\u00f1os de la casa no pierdan su desayuno, almuerzo o merienda en el cole o la guarder\u00eda. Una bonita bolsa con cord\u00f3n de cierre y personalizable con su propio dise\u00f1o, imagenes y texto que la identificar\u00e1n del resto. Impresi\u00f3n de 21&#215;23 cm en las dos caras de alta calidad y alta durabilidad y resistencia a los lavados.<\/p>\n<\/div>\n<\/div>\n<p>&nbsp;<\/p>\n","protected":false},"excerpt":{"rendered":"<ul>\n<li>Hecho en poliester.<\/li>\n<li>Tama\u00f1o 23&#215;26 cm de color blanco.<\/li>\n<li>Lavable tanto a mano como a m\u00e1quina<\/li>\n<li>Alta resistencia a los lavados.<\/li>\n<li>Cierre con cord\u00f3n.<\/li>\n<li>Impresi\u00f3n de alta calidad en un \u00e1rea de 21&#215;23 cm en ambas caras.<\/li>\n<\/ul>\n","protected":false},"featured_media":636,"comment_status":"open","ping_status":"closed","template":"","meta":{"_et_pb_use_builder":"","_et_pb_old_content":"","_et_gb_content_width":""},"_links":{"self":[{"href":"https:\/\/www.fotomundocolor.com\/web1\/wp-json\/wp\/v2\/product\/641"}],"collection":[{"href":"https:\/\/www.fotomundocolor.com\/web1\/wp-json\/wp\/v2\/product"}],"about":[{"href":"https:\/\/www.fotomundocolor.com\/web1\/wp-json\/wp\/v2\/types\/product"}],"replies":[{"embeddable":true,"href":"https:\/\/www.fotomundocolor.com\/web1\/wp-json\/wp\/v2\/comments?post=641"}],"wp:featuredmedia":[{"embeddable":true,"href":"https:\/\/www.fotomundocolor.com\/web1\/wp-json\/wp\/v2\/media\/636"}],"wp:attachment":[{"href":"https:\/\/www.fotomundocolor.com\/web1\/wp-json\/wp\/v2\/media?parent=641"}],"curies":[{"name":"wp","href":"https:\/\/api.w.org\/{rel}","templated":true}]}}