{"id":663,"date":"2017-03-30T11:56:44","date_gmt":"2017-03-30T11:56:44","guid":{"rendered":"https:\/\/www.fotomundocolor.com\/web1\/producto\/llavero-redondo-plastico\/"},"modified":"2018-11-23T12:33:46","modified_gmt":"2018-11-23T12:33:46","slug":"llavero-redondo-plastico","status":"publish","type":"product","link":"https:\/\/www.fotomundocolor.com\/web1\/producto\/llavero-redondo-plastico\/","title":{"rendered":"LLavero redondo pl\u00e1stico 2 caras"},"content":{"rendered":"<div class=\"product-description\">\n<div class=\"description\">LLavero redondo de pl\u00e1stico para personalizar con texto y su im\u00e1gen favorita. Sus im\u00e1genes m\u00e1s entra\u00f1ables le acompa\u00f1aran en cualquier momento del d\u00eda. Impresi\u00f3n de 5 cm de di\u00e1metro de alta calidad y alta durabilidad.<\/div>\n<\/div>\n","protected":false},"excerpt":{"rendered":"<ul>\n<li>Hecho de pl\u00e1stico.<\/li>\n<li>Tama\u00f1o 5 cm de di\u00e1metro.<\/li>\n<li>Impresi\u00f3n a doble cara.<\/li>\n<li>Impresi\u00f3n de alta calidad en un \u00e1rea de 5 cm de di\u00e1metro.<\/li>\n<\/ul>\n","protected":false},"featured_media":669,"comment_status":"open","ping_status":"closed","template":"","meta":{"_et_pb_use_builder":"","_et_pb_old_content":"","_et_gb_content_width":""},"_links":{"self":[{"href":"https:\/\/www.fotomundocolor.com\/web1\/wp-json\/wp\/v2\/product\/663"}],"collection":[{"href":"https:\/\/www.fotomundocolor.com\/web1\/wp-json\/wp\/v2\/product"}],"about":[{"href":"https:\/\/www.fotomundocolor.com\/web1\/wp-json\/wp\/v2\/types\/product"}],"replies":[{"embeddable":true,"href":"https:\/\/www.fotomundocolor.com\/web1\/wp-json\/wp\/v2\/comments?post=663"}],"wp:featuredmedia":[{"embeddable":true,"href":"https:\/\/www.fotomundocolor.com\/web1\/wp-json\/wp\/v2\/media\/669"}],"wp:attachment":[{"href":"https:\/\/www.fotomundocolor.com\/web1\/wp-json\/wp\/v2\/media?parent=663"}],"curies":[{"name":"wp","href":"https:\/\/api.w.org\/{rel}","templated":true}]}}