{"id":953,"date":"2017-10-02T09:19:54","date_gmt":"2017-10-02T09:19:54","guid":{"rendered":"https:\/\/www.fotomundocolor.com\/web1\/?post_type=product&#038;p=953"},"modified":"2022-10-26T15:37:42","modified_gmt":"2022-10-26T15:37:42","slug":"sesion-de-estudio-temporada","status":"publish","type":"product","link":"https:\/\/www.fotomundocolor.com\/web1\/producto\/sesion-de-estudio-temporada\/","title":{"rendered":"Sesi\u00f3n de estudio temporada"},"content":{"rendered":"<p>Reportajes fotogr\u00e1ficos para embarazadas, beb\u00e9s, bautizo, comuni\u00f3n, familiares, en pareja o reportajes profesionales para modelos. Le asesoramos en estilismo y posado para que, a\u00fan sin experiencia previa, pueda conseguir las mejores instant\u00e1neas. La sesi\u00f3n de estudio temporada es muy econ\u00f3mica y orientada a eventos como bautizos, comuniones y bodas.<\/p>\n","protected":false},"excerpt":{"rendered":"<p>La sesi\u00f3n incluye<\/p>\n<ul>\n<li>15 recordatorios tama\u00f1o 10&#215;15 cm con 2 dise\u00f1os personalizados.<\/li>\n<li>Pendrive con 10 fotos en alta resoluci\u00f3n.<\/li>\n<li>Se puede realizar en estudio o exterior.<\/li>\n<li>Sin l\u00edmite de tiempo.<\/li>\n<li>Se puede aumentar la cantidad de recordatorios, tama\u00f1os o formatos.<\/li>\n<\/ul>\n","protected":false},"featured_media":4795,"comment_status":"open","ping_status":"closed","template":"","meta":{"_et_pb_use_builder":"","_et_pb_old_content":"","_et_gb_content_width":""},"_links":{"self":[{"href":"https:\/\/www.fotomundocolor.com\/web1\/wp-json\/wp\/v2\/product\/953"}],"collection":[{"href":"https:\/\/www.fotomundocolor.com\/web1\/wp-json\/wp\/v2\/product"}],"about":[{"href":"https:\/\/www.fotomundocolor.com\/web1\/wp-json\/wp\/v2\/types\/product"}],"replies":[{"embeddable":true,"href":"https:\/\/www.fotomundocolor.com\/web1\/wp-json\/wp\/v2\/comments?post=953"}],"wp:featuredmedia":[{"embeddable":true,"href":"https:\/\/www.fotomundocolor.com\/web1\/wp-json\/wp\/v2\/media\/4795"}],"wp:attachment":[{"href":"https:\/\/www.fotomundocolor.com\/web1\/wp-json\/wp\/v2\/media?parent=953"}],"curies":[{"name":"wp","href":"https:\/\/api.w.org\/{rel}","templated":true}]}}